{"id":13024,"date":"2021-05-19T13:47:40","date_gmt":"2021-05-19T13:47:40","guid":{"rendered":"http:\/\/gazmodulweiszwp.publictest.fejlesztokhaza.hu\/?page_id=13024"},"modified":"2021-09-17T09:07:38","modified_gmt":"2021-09-17T09:07:38","slug":"szolgaltatas","status":"publish","type":"page","link":"http:\/\/www.gazmodulweisz.hu\/en\/szolgaltatas\/","title":{"rendered":"Services"},"content":{"rendered":"<div data-elementor-type=\"wp-page\" data-elementor-id=\"13024\" class=\"elementor elementor-13024\">\n\t\t\t\t\t\t<section class=\"elementor-section elementor-top-section elementor-element elementor-element-3e44a39 elementor-section-boxed elementor-section-height-default elementor-section-height-default\" data-id=\"3e44a39\" data-element_type=\"section\" data-e-type=\"section\">\n\t\t\t\t\t\t<div class=\"elementor-container elementor-column-gap-default\">\n\t\t\t\t\t<div class=\"elementor-column elementor-col-100 elementor-top-column elementor-element elementor-element-b306b2e\" data-id=\"b306b2e\" data-element_type=\"column\" data-e-type=\"column\">\n\t\t\t<div class=\"elementor-widget-wrap elementor-element-populated\">\n\t\t\t\t\t\t<section class=\"elementor-section elementor-inner-section elementor-element elementor-element-469ca99 elementor-section-boxed elementor-section-height-default elementor-section-height-default\" data-id=\"469ca99\" data-element_type=\"section\" data-e-type=\"section\">\n\t\t\t\t\t\t<div class=\"elementor-container elementor-column-gap-default\">\n\t\t\t\t\t<div class=\"elementor-column elementor-col-50 elementor-inner-column elementor-element elementor-element-4c31af7\" data-id=\"4c31af7\" data-element_type=\"column\" data-e-type=\"column\">\n\t\t\t<div class=\"elementor-widget-wrap elementor-element-populated\">\n\t\t\t\t\t\t<div class=\"elementor-element elementor-element-df13643 elementor-widget elementor-widget-heading\" data-id=\"df13643\" data-element_type=\"widget\" data-e-type=\"widget\" data-settings=\"{&quot;_animation&quot;:&quot;none&quot;}\" data-widget_type=\"heading.default\">\n\t\t\t\t<div class=\"elementor-widget-container\">\n\t\t\t\t\t<h3 class=\"elementor-heading-title elementor-size-default\"><a href=\"http:\/\/www.gazmodulweisz.hu\/en\/szolgaltatas\/tervezes\/\">Building engineering design<\/a><\/h3>\t\t\t\t<\/div>\n\t\t\t\t<\/div>\n\t\t\t\t<div class=\"elementor-element elementor-element-048cffe elementor-widget elementor-widget-image\" data-id=\"048cffe\" data-element_type=\"widget\" data-e-type=\"widget\" data-widget_type=\"image.default\">\n\t\t\t\t<div class=\"elementor-widget-container\">\n\t\t\t\t\t\t\t\t\t\t\t\t\t\t\t\t<a href=\"http:\/\/www.gazmodulweisz.hu\/en\/szolgaltatas\/tervezes\/\">\n\t\t\t\t\t\t\t<img fetchpriority=\"high\" decoding=\"async\" width=\"347\" height=\"347\" src=\"https:\/\/www.gazmodulweisz.hu\/wp-content\/uploads\/2021\/05\/Tervezes.jpg\" class=\"elementor-animation-grow attachment-large size-large wp-image-13131\" alt=\"\" srcset=\"https:\/\/www.gazmodulweisz.hu\/wp-content\/uploads\/2021\/05\/Tervezes.jpg 347w, https:\/\/www.gazmodulweisz.hu\/wp-content\/uploads\/2021\/05\/Tervezes-300x300.jpg 300w, https:\/\/www.gazmodulweisz.hu\/wp-content\/uploads\/2021\/05\/Tervezes-150x150.jpg 150w\" sizes=\"(max-width: 347px) 100vw, 347px\" \/>\t\t\t\t\t\t\t\t<\/a>\n\t\t\t\t\t\t\t\t\t\t\t\t\t\t\t<\/div>\n\t\t\t\t<\/div>\n\t\t\t\t<div class=\"elementor-element elementor-element-55326ce elementor-widget elementor-widget-text-editor\" data-id=\"55326ce\" data-element_type=\"widget\" data-e-type=\"widget\" data-widget_type=\"text-editor.default\">\n\t\t\t\t<div class=\"elementor-widget-container\">\n\t\t\t\t\t\t\t\t\t<p><a href=\"http:\/\/www.gazmodulweisz.hu\/en\/szolgaltatas\/tervezes\/\">Tervez\u00e9s el\u0151k\u00e9sz\u00edt\u00e9se, enged\u00e9lyek beszerz\u00e9se \u00e9s a teljes tervdokument\u00e1ci\u00f3 elk\u00e9sz\u00edt\u00e9s\u00e9t v\u00e1llaljuk.<\/a><\/p>\t\t\t\t\t\t\t\t<\/div>\n\t\t\t\t<\/div>\n\t\t\t\t\t<\/div>\n\t\t<\/div>\n\t\t\t\t<div class=\"elementor-column elementor-col-50 elementor-inner-column elementor-element elementor-element-5736fd1\" data-id=\"5736fd1\" data-element_type=\"column\" data-e-type=\"column\">\n\t\t\t<div class=\"elementor-widget-wrap elementor-element-populated\">\n\t\t\t\t\t\t<div class=\"elementor-element elementor-element-a4649f0 elementor-widget elementor-widget-heading\" data-id=\"a4649f0\" data-element_type=\"widget\" data-e-type=\"widget\" data-settings=\"{&quot;_animation&quot;:&quot;none&quot;}\" data-widget_type=\"heading.default\">\n\t\t\t\t<div class=\"elementor-widget-container\">\n\t\t\t\t\t<h3 class=\"elementor-heading-title elementor-size-default\"><a href=\"http:\/\/www.gazmodulweisz.hu\/en\/szolgaltatas\/gepeszeti-kivitelezes\/\">Mechanical construction<\/a><\/h3>\t\t\t\t<\/div>\n\t\t\t\t<\/div>\n\t\t\t\t<div class=\"elementor-element elementor-element-8f929ef elementor-widget elementor-widget-image\" data-id=\"8f929ef\" data-element_type=\"widget\" data-e-type=\"widget\" data-widget_type=\"image.default\">\n\t\t\t\t<div class=\"elementor-widget-container\">\n\t\t\t\t\t\t\t\t\t\t\t\t\t\t\t\t<a href=\"http:\/\/www.gazmodulweisz.hu\/en\/szolgaltatas\/gepeszeti-kivitelezes\/\">\n\t\t\t\t\t\t\t<img decoding=\"async\" width=\"347\" height=\"347\" src=\"https:\/\/www.gazmodulweisz.hu\/wp-content\/uploads\/2021\/05\/Gepeszet.jpg\" class=\"elementor-animation-grow attachment-large size-large wp-image-13135\" alt=\"\" srcset=\"https:\/\/www.gazmodulweisz.hu\/wp-content\/uploads\/2021\/05\/Gepeszet.jpg 347w, https:\/\/www.gazmodulweisz.hu\/wp-content\/uploads\/2021\/05\/Gepeszet-300x300.jpg 300w, https:\/\/www.gazmodulweisz.hu\/wp-content\/uploads\/2021\/05\/Gepeszet-150x150.jpg 150w\" sizes=\"(max-width: 347px) 100vw, 347px\" \/>\t\t\t\t\t\t\t\t<\/a>\n\t\t\t\t\t\t\t\t\t\t\t\t\t\t\t<\/div>\n\t\t\t\t<\/div>\n\t\t\t\t<div class=\"elementor-element elementor-element-415594d elementor-widget elementor-widget-text-editor\" data-id=\"415594d\" data-element_type=\"widget\" data-e-type=\"widget\" data-widget_type=\"text-editor.default\">\n\t\t\t\t<div class=\"elementor-widget-container\">\n\t\t\t\t\t\t\t\t\t<p><a href=\"http:\/\/www.gazmodulweisz.hu\/en\/szolgaltatas\/gepeszeti-kivitelezes\/\">G\u00e9p\u00e9szeti anyagok beszerz\u00e9s\u00e9t\u0151l kezdve a teljes tervdokument\u00e1ci\u00f3ban szerepl\u0151 g\u00e9p\u00e9szeti feladatok elv\u00e9g\u00e9z\u00e9sig.<\/a><\/p>\t\t\t\t\t\t\t\t<\/div>\n\t\t\t\t<\/div>\n\t\t\t\t\t<\/div>\n\t\t<\/div>\n\t\t\t\t\t<\/div>\n\t\t<\/section>\n\t\t\t\t\t<\/div>\n\t\t<\/div>\n\t\t\t\t\t<\/div>\n\t\t<\/section>\n\t\t\t\t<\/div>","protected":false},"excerpt":{"rendered":"<p>\u00c9p\u00fcletg\u00e9p\u00e9szeti tervez\u00e9s Tervez\u00e9s el\u0151k\u00e9sz\u00edt\u00e9se, enged\u00e9lyek beszerz\u00e9se \u00e9s a teljes tervdokument\u00e1ci\u00f3 elk\u00e9sz\u00edt\u00e9s\u00e9t v\u00e1llaljuk. G\u00e9p\u00e9szeti kivitelez\u00e9s G\u00e9p\u00e9szeti anyagok beszerz\u00e9s\u00e9t\u0151l kezdve a teljes tervdokument\u00e1ci\u00f3ban szerepl\u0151 g\u00e9p\u00e9szeti feladatok elv\u00e9g\u00e9z\u00e9sig.<\/p>","protected":false},"author":1,"featured_media":0,"parent":0,"menu_order":0,"comment_status":"closed","ping_status":"closed","template":"","meta":{"footnotes":""},"class_list":["post-13024","page","type-page","status-publish","hentry"],"yoast_head":"<!-- This site is optimized with the Yoast SEO plugin v21.6 - https:\/\/yoast.com\/wordpress\/plugins\/seo\/ -->\n<title>Szolg\u00e1ltat\u00e1s - G\u00e1zmodul Weisz Kft.<\/title>\n<meta name=\"robots\" content=\"index, follow, max-snippet:-1, max-image-preview:large, max-video-preview:-1\" \/>\n<link rel=\"canonical\" href=\"http:\/\/www.gazmodulweisz.hu\/en\/szolgaltatas\/\" \/>\n<meta property=\"og:locale\" content=\"en_GB\" \/>\n<meta property=\"og:type\" content=\"article\" \/>\n<meta property=\"og:title\" content=\"Szolg\u00e1ltat\u00e1s - G\u00e1zmodul Weisz Kft.\" \/>\n<meta property=\"og:description\" content=\"\u00c9p\u00fcletg\u00e9p\u00e9szeti tervez\u00e9s Tervez\u00e9s el\u0151k\u00e9sz\u00edt\u00e9se, enged\u00e9lyek beszerz\u00e9se \u00e9s a teljes tervdokument\u00e1ci\u00f3 elk\u00e9sz\u00edt\u00e9s\u00e9t v\u00e1llaljuk. G\u00e9p\u00e9szeti kivitelez\u00e9s G\u00e9p\u00e9szeti anyagok beszerz\u00e9s\u00e9t\u0151l kezdve a teljes tervdokument\u00e1ci\u00f3ban szerepl\u0151 g\u00e9p\u00e9szeti feladatok elv\u00e9g\u00e9z\u00e9sig.\" \/>\n<meta property=\"og:url\" content=\"http:\/\/www.gazmodulweisz.hu\/en\/szolgaltatas\/\" \/>\n<meta property=\"og:site_name\" content=\"G\u00e1zmodul Weisz Kft.\" \/>\n<meta property=\"article:modified_time\" content=\"2021-09-17T09:07:38+00:00\" \/>\n<meta property=\"og:image\" content=\"https:\/\/www.gazmodulweisz.hu\/wp-content\/uploads\/2021\/05\/Tervezes.jpg\" \/>\n<meta name=\"twitter:card\" content=\"summary_large_image\" \/>\n<meta name=\"twitter:label1\" content=\"Estimated reading time\" \/>\n\t<meta name=\"twitter:data1\" content=\"1 minute\" \/>\n<script type=\"application\/ld+json\" class=\"yoast-schema-graph\">{\"@context\":\"https:\/\/schema.org\",\"@graph\":[{\"@type\":\"WebPage\",\"@id\":\"https:\/\/www.gazmodulweisz.hu\/szolgaltatas\/\",\"url\":\"https:\/\/www.gazmodulweisz.hu\/szolgaltatas\/\",\"name\":\"Szolg\u00e1ltat\u00e1s - G\u00e1zmodul Weisz Kft.\",\"isPartOf\":{\"@id\":\"https:\/\/www.gazmodulweisz.hu\/#website\"},\"datePublished\":\"2021-05-19T13:47:40+00:00\",\"dateModified\":\"2021-09-17T09:07:38+00:00\",\"breadcrumb\":{\"@id\":\"https:\/\/www.gazmodulweisz.hu\/szolgaltatas\/#breadcrumb\"},\"inLanguage\":\"en-GB\",\"potentialAction\":[{\"@type\":\"ReadAction\",\"target\":[\"https:\/\/www.gazmodulweisz.hu\/szolgaltatas\/\"]}]},{\"@type\":\"BreadcrumbList\",\"@id\":\"https:\/\/www.gazmodulweisz.hu\/szolgaltatas\/#breadcrumb\",\"itemListElement\":[{\"@type\":\"ListItem\",\"position\":1,\"name\":\"Kezd\u0151lap\",\"item\":\"https:\/\/www.gazmodulweisz.hu\/\"},{\"@type\":\"ListItem\",\"position\":2,\"name\":\"Szolg\u00e1ltat\u00e1s\"}]},{\"@type\":\"WebSite\",\"@id\":\"https:\/\/www.gazmodulweisz.hu\/#website\",\"url\":\"https:\/\/www.gazmodulweisz.hu\/\",\"name\":\"G\u00e1zmodul Weisz Kft.\",\"description\":\"Professzion\u00e1lis kivitelez\u00e9s\",\"potentialAction\":[{\"@type\":\"SearchAction\",\"target\":{\"@type\":\"EntryPoint\",\"urlTemplate\":\"https:\/\/www.gazmodulweisz.hu\/?s={search_term_string}\"},\"query-input\":\"required name=search_term_string\"}],\"inLanguage\":\"en-GB\"}]}<\/script>\n<!-- \/ Yoast SEO plugin. -->","yoast_head_json":{"title":"Szolg\u00e1ltat\u00e1s - G\u00e1zmodul Weisz Kft.","robots":{"index":"index","follow":"follow","max-snippet":"max-snippet:-1","max-image-preview":"max-image-preview:large","max-video-preview":"max-video-preview:-1"},"canonical":"http:\/\/www.gazmodulweisz.hu\/en\/szolgaltatas\/","og_locale":"en_GB","og_type":"article","og_title":"Szolg\u00e1ltat\u00e1s - G\u00e1zmodul Weisz Kft.","og_description":"\u00c9p\u00fcletg\u00e9p\u00e9szeti tervez\u00e9s Tervez\u00e9s el\u0151k\u00e9sz\u00edt\u00e9se, enged\u00e9lyek beszerz\u00e9se \u00e9s a teljes tervdokument\u00e1ci\u00f3 elk\u00e9sz\u00edt\u00e9s\u00e9t v\u00e1llaljuk. G\u00e9p\u00e9szeti kivitelez\u00e9s G\u00e9p\u00e9szeti anyagok beszerz\u00e9s\u00e9t\u0151l kezdve a teljes tervdokument\u00e1ci\u00f3ban szerepl\u0151 g\u00e9p\u00e9szeti feladatok elv\u00e9g\u00e9z\u00e9sig.","og_url":"http:\/\/www.gazmodulweisz.hu\/en\/szolgaltatas\/","og_site_name":"G\u00e1zmodul Weisz Kft.","article_modified_time":"2021-09-17T09:07:38+00:00","og_image":[{"url":"https:\/\/www.gazmodulweisz.hu\/wp-content\/uploads\/2021\/05\/Tervezes.jpg"}],"twitter_card":"summary_large_image","twitter_misc":{"Estimated reading time":"1 minute"},"schema":{"@context":"https:\/\/schema.org","@graph":[{"@type":"WebPage","@id":"https:\/\/www.gazmodulweisz.hu\/szolgaltatas\/","url":"https:\/\/www.gazmodulweisz.hu\/szolgaltatas\/","name":"Szolg\u00e1ltat\u00e1s - G\u00e1zmodul Weisz Kft.","isPartOf":{"@id":"https:\/\/www.gazmodulweisz.hu\/#website"},"datePublished":"2021-05-19T13:47:40+00:00","dateModified":"2021-09-17T09:07:38+00:00","breadcrumb":{"@id":"https:\/\/www.gazmodulweisz.hu\/szolgaltatas\/#breadcrumb"},"inLanguage":"en-GB","potentialAction":[{"@type":"ReadAction","target":["https:\/\/www.gazmodulweisz.hu\/szolgaltatas\/"]}]},{"@type":"BreadcrumbList","@id":"https:\/\/www.gazmodulweisz.hu\/szolgaltatas\/#breadcrumb","itemListElement":[{"@type":"ListItem","position":1,"name":"Kezd\u0151lap","item":"https:\/\/www.gazmodulweisz.hu\/"},{"@type":"ListItem","position":2,"name":"Szolg\u00e1ltat\u00e1s"}]},{"@type":"WebSite","@id":"https:\/\/www.gazmodulweisz.hu\/#website","url":"https:\/\/www.gazmodulweisz.hu\/","name":"G\u00e1zmodul Weisz Kft.","description":"Professzion\u00e1lis kivitelez\u00e9s","potentialAction":[{"@type":"SearchAction","target":{"@type":"EntryPoint","urlTemplate":"https:\/\/www.gazmodulweisz.hu\/?s={search_term_string}"},"query-input":"required name=search_term_string"}],"inLanguage":"en-GB"}]}},"_links":{"self":[{"href":"http:\/\/www.gazmodulweisz.hu\/en\/wp-json\/wp\/v2\/pages\/13024","targetHints":{"allow":["GET"]}}],"collection":[{"href":"http:\/\/www.gazmodulweisz.hu\/en\/wp-json\/wp\/v2\/pages"}],"about":[{"href":"http:\/\/www.gazmodulweisz.hu\/en\/wp-json\/wp\/v2\/types\/page"}],"author":[{"embeddable":true,"href":"http:\/\/www.gazmodulweisz.hu\/en\/wp-json\/wp\/v2\/users\/1"}],"replies":[{"embeddable":true,"href":"http:\/\/www.gazmodulweisz.hu\/en\/wp-json\/wp\/v2\/comments?post=13024"}],"version-history":[{"count":35,"href":"http:\/\/www.gazmodulweisz.hu\/en\/wp-json\/wp\/v2\/pages\/13024\/revisions"}],"predecessor-version":[{"id":14287,"href":"http:\/\/www.gazmodulweisz.hu\/en\/wp-json\/wp\/v2\/pages\/13024\/revisions\/14287"}],"wp:attachment":[{"href":"http:\/\/www.gazmodulweisz.hu\/en\/wp-json\/wp\/v2\/media?parent=13024"}],"curies":[{"name":"wp","href":"https:\/\/api.w.org\/{rel}","templated":true}]}}