{"id":13253,"date":"2021-05-28T09:51:16","date_gmt":"2021-05-28T09:51:16","guid":{"rendered":"http:\/\/www.gazmodulweisz.hu\/?page_id=13253"},"modified":"2021-06-07T11:01:50","modified_gmt":"2021-06-07T11:01:50","slug":"jelenlegi-munkak","status":"publish","type":"page","link":"http:\/\/www.gazmodulweisz.hu\/en\/referenciak\/jelenlegi-munkak\/","title":{"rendered":"JELENLEGI MUNK\u00c1K"},"content":{"rendered":"<div data-elementor-type=\"wp-page\" data-elementor-id=\"13253\" class=\"elementor elementor-13253\">\n\t\t\t\t\t\t<section class=\"elementor-section elementor-top-section elementor-element elementor-element-4522d0b elementor-section-boxed elementor-section-height-default elementor-section-height-default\" data-id=\"4522d0b\" data-element_type=\"section\" data-e-type=\"section\">\n\t\t\t\t\t\t<div class=\"elementor-container elementor-column-gap-default\">\n\t\t\t\t\t<div class=\"elementor-column elementor-col-100 elementor-top-column elementor-element elementor-element-f418518\" data-id=\"f418518\" data-element_type=\"column\" data-e-type=\"column\">\n\t\t\t<div class=\"elementor-widget-wrap elementor-element-populated\">\n\t\t\t\t\t\t<div class=\"elementor-element elementor-element-7c47d61 elementor-widget elementor-widget-text-editor\" data-id=\"7c47d61\" data-element_type=\"widget\" data-e-type=\"widget\" data-widget_type=\"text-editor.default\">\n\t\t\t\t<div class=\"elementor-widget-container\">\n\t\t\t\t\t\t\t\t\t<p>K\u00e9rem v\u00e1lassza ki referenci\u00e1ink ter\u00fcletei k\u00f6z\u00fcl az \u00d6n sz\u00e1m\u00e1ra megfelel\u0151t.<\/p>\t\t\t\t\t\t\t\t<\/div>\n\t\t\t\t<\/div>\n\t\t\t\t<div class=\"elementor-element elementor-element-daa5dc4 elementor-widget elementor-widget-wp-widget-nav_menu\" data-id=\"daa5dc4\" data-element_type=\"widget\" data-e-type=\"widget\" data-widget_type=\"wp-widget-nav_menu.default\">\n\t\t\t\t<div class=\"elementor-widget-container\">\n\t\t\t\t\t<div class=\"menu-referenciak-container\"><ul id=\"menu-referenciak\" class=\"menu\"><li id=\"menu-item-13255\" class=\"menu-item menu-item-type-post_type menu-item-object-page menu-item-13255\"><a href=\"http:\/\/www.gazmodulweisz.hu\/en\/referenciak\/\">\u00d6SSZES<\/a><\/li>\n<li id=\"menu-item-13256\" class=\"menu-item menu-item-type-post_type menu-item-object-page menu-item-13256\"><a href=\"http:\/\/www.gazmodulweisz.hu\/en\/referenciak\/aruhaz\/\">\u00c1RUH\u00c1Z<\/a><\/li>\n<li id=\"menu-item-13257\" class=\"menu-item menu-item-type-post_type menu-item-object-page menu-item-13257\"><a href=\"http:\/\/www.gazmodulweisz.hu\/en\/referenciak\/lakoingatlan-tarsashaz\/\">LAK\u00d3INGATLAN\/T\u00c1RSASH\u00c1Z<\/a><\/li>\n<li id=\"menu-item-13258\" class=\"menu-item menu-item-type-post_type menu-item-object-page menu-item-13258\"><a href=\"http:\/\/www.gazmodulweisz.hu\/en\/referenciak\/ipari-letesitmeny\/\">IPARI L\u00c9TES\u00cdTM\u00c9NY<\/a><\/li>\n<li id=\"menu-item-13259\" class=\"menu-item menu-item-type-post_type menu-item-object-page menu-item-13259\"><a href=\"http:\/\/www.gazmodulweisz.hu\/en\/referenciak\/irodahaz\/\">IRODAH\u00c1Z<\/a><\/li>\n<li id=\"menu-item-13260\" class=\"menu-item menu-item-type-post_type menu-item-object-page menu-item-13260\"><a href=\"http:\/\/www.gazmodulweisz.hu\/en\/referenciak\/kozintezmenyek\/\">K\u00d6ZINT\u00c9ZM\u00c9NYEK<\/a><\/li>\n<li id=\"menu-item-13261\" class=\"menu-item menu-item-type-post_type menu-item-object-page menu-item-13261\"><a href=\"http:\/\/www.gazmodulweisz.hu\/en\/referenciak\/jelenlegi-munkak\/\">JELENLEGI MUNK\u00c1K<\/a><\/li>\n<\/ul><\/div>\t\t\t\t<\/div>\n\t\t\t\t<\/div>\n\t\t\t\t<section class=\"elementor-section elementor-inner-section elementor-element elementor-element-909778c elementor-section-boxed elementor-section-height-default elementor-section-height-default\" data-id=\"909778c\" data-element_type=\"section\" data-e-type=\"section\">\n\t\t\t\t\t\t<div class=\"elementor-container elementor-column-gap-default\">\n\t\t\t\t\t<div class=\"elementor-column elementor-col-25 elementor-inner-column elementor-element elementor-element-5becf8b\" data-id=\"5becf8b\" data-element_type=\"column\" data-e-type=\"column\">\n\t\t\t<div class=\"elementor-widget-wrap elementor-element-populated\">\n\t\t\t\t\t\t<div class=\"elementor-element elementor-element-5a205f2 elementor-widget elementor-widget-image\" data-id=\"5a205f2\" data-element_type=\"widget\" data-e-type=\"widget\" data-widget_type=\"image.default\">\n\t\t\t\t<div class=\"elementor-widget-container\">\n\t\t\t\t\t\t\t\t\t\t\t\t\t\t\t<img fetchpriority=\"high\" decoding=\"async\" width=\"258\" height=\"258\" src=\"https:\/\/www.gazmodulweisz.hu\/wp-content\/uploads\/2021\/05\/Referenciak-23.jpg\" class=\"attachment-large size-large wp-image-13223\" alt=\"\" srcset=\"https:\/\/www.gazmodulweisz.hu\/wp-content\/uploads\/2021\/05\/Referenciak-23.jpg 258w, https:\/\/www.gazmodulweisz.hu\/wp-content\/uploads\/2021\/05\/Referenciak-23-150x150.jpg 150w\" sizes=\"(max-width: 258px) 100vw, 258px\" \/>\t\t\t\t\t\t\t\t\t\t\t\t\t\t\t<\/div>\n\t\t\t\t<\/div>\n\t\t\t\t\t<\/div>\n\t\t<\/div>\n\t\t\t\t<div class=\"elementor-column elementor-col-25 elementor-inner-column elementor-element elementor-element-661568c\" data-id=\"661568c\" data-element_type=\"column\" data-e-type=\"column\">\n\t\t\t<div class=\"elementor-widget-wrap elementor-element-populated\">\n\t\t\t\t\t\t<div class=\"elementor-element elementor-element-2e7d0a2 elementor-widget elementor-widget-text-editor\" data-id=\"2e7d0a2\" data-element_type=\"widget\" data-e-type=\"widget\" data-widget_type=\"text-editor.default\">\n\t\t\t\t<div class=\"elementor-widget-container\">\n\t\t\t\t\t\t\t\t\t<h4 class=\"Referencia-Cim\">G\u00e9p\u00e9szeti \u00e9s v\u00edzg\u00e9p\u00e9szeti munk\u00e1k<\/h4>\n<h6 class=\"Referencia-Alcim\">Dunakeszi M\u0171vel\u0151d\u00e9si h\u00e1z fel\u00faj\u00edt\u00e1sa<\/h6>\nKivitelez\u00e9s id\u0151pontja: 2016\nL\u00e9tes\u00edtm\u00e9ny t\u00edpusa: Jelenlegi munk\u00e1k\n\t\t\t\t\t\t\t\t<\/div>\n\t\t\t\t<\/div>\n\t\t\t\t\t<\/div>\n\t\t<\/div>\n\t\t\t\t<div class=\"elementor-column elementor-col-25 elementor-inner-column elementor-element elementor-element-22bc7ed\" data-id=\"22bc7ed\" data-element_type=\"column\" data-e-type=\"column\">\n\t\t\t<div class=\"elementor-widget-wrap elementor-element-populated\">\n\t\t\t\t\t\t<div class=\"elementor-element elementor-element-6d1900c elementor-widget elementor-widget-image\" data-id=\"6d1900c\" data-element_type=\"widget\" data-e-type=\"widget\" data-widget_type=\"image.default\">\n\t\t\t\t<div class=\"elementor-widget-container\">\n\t\t\t\t\t\t\t\t\t\t\t\t\t\t\t<img decoding=\"async\" width=\"258\" height=\"258\" src=\"https:\/\/www.gazmodulweisz.hu\/wp-content\/uploads\/2021\/05\/Referenciak-24.jpg\" class=\"attachment-large size-large wp-image-13224\" alt=\"\" srcset=\"https:\/\/www.gazmodulweisz.hu\/wp-content\/uploads\/2021\/05\/Referenciak-24.jpg 258w, https:\/\/www.gazmodulweisz.hu\/wp-content\/uploads\/2021\/05\/Referenciak-24-150x150.jpg 150w\" sizes=\"(max-width: 258px) 100vw, 258px\" \/>\t\t\t\t\t\t\t\t\t\t\t\t\t\t\t<\/div>\n\t\t\t\t<\/div>\n\t\t\t\t\t<\/div>\n\t\t<\/div>\n\t\t\t\t<div class=\"elementor-column elementor-col-25 elementor-inner-column elementor-element elementor-element-7ff4846\" data-id=\"7ff4846\" data-element_type=\"column\" data-e-type=\"column\">\n\t\t\t<div class=\"elementor-widget-wrap elementor-element-populated\">\n\t\t\t\t\t\t<div class=\"elementor-element elementor-element-0607002 elementor-widget elementor-widget-text-editor\" data-id=\"0607002\" data-element_type=\"widget\" data-e-type=\"widget\" data-widget_type=\"text-editor.default\">\n\t\t\t\t<div class=\"elementor-widget-container\">\n\t\t\t\t\t\t\t\t\t<h4 class=\"Referencia-Cim\">G\u00e9p\u00e9szeti \u00e9s v\u00edzg\u00e9p\u00e9szeti munk\u00e1k<\/h4>\n<h6 class=\"Referencia-Alcim\">Dunakeszi Tanuszoda<\/h6>\nKivitelez\u00e9s id\u0151pontja: 2016\nL\u00e9tes\u00edtm\u00e9ny t\u00edpusa: Jelenlegi munk\u00e1k\n\t\t\t\t\t\t\t\t<\/div>\n\t\t\t\t<\/div>\n\t\t\t\t\t<\/div>\n\t\t<\/div>\n\t\t\t\t\t<\/div>\n\t\t<\/section>\n\t\t\t\t<section class=\"elementor-section elementor-inner-section elementor-element elementor-element-46cf3da elementor-section-boxed elementor-section-height-default elementor-section-height-default\" data-id=\"46cf3da\" data-element_type=\"section\" data-e-type=\"section\">\n\t\t\t\t\t\t<div class=\"elementor-container elementor-column-gap-default\">\n\t\t\t\t\t<div class=\"elementor-column elementor-col-25 elementor-inner-column elementor-element elementor-element-762d01f\" data-id=\"762d01f\" data-element_type=\"column\" data-e-type=\"column\">\n\t\t\t<div class=\"elementor-widget-wrap elementor-element-populated\">\n\t\t\t\t\t\t<div class=\"elementor-element elementor-element-0663166 elementor-widget elementor-widget-image\" data-id=\"0663166\" data-element_type=\"widget\" data-e-type=\"widget\" data-widget_type=\"image.default\">\n\t\t\t\t<div class=\"elementor-widget-container\">\n\t\t\t\t\t\t\t\t\t\t\t\t\t\t\t<img decoding=\"async\" width=\"258\" height=\"258\" src=\"https:\/\/www.gazmodulweisz.hu\/wp-content\/uploads\/2021\/05\/Referenciak-31.jpg\" class=\"attachment-large size-large wp-image-13231\" alt=\"\" srcset=\"https:\/\/www.gazmodulweisz.hu\/wp-content\/uploads\/2021\/05\/Referenciak-31.jpg 258w, https:\/\/www.gazmodulweisz.hu\/wp-content\/uploads\/2021\/05\/Referenciak-31-150x150.jpg 150w\" sizes=\"(max-width: 258px) 100vw, 258px\" \/>\t\t\t\t\t\t\t\t\t\t\t\t\t\t\t<\/div>\n\t\t\t\t<\/div>\n\t\t\t\t\t<\/div>\n\t\t<\/div>\n\t\t\t\t<div class=\"elementor-column elementor-col-25 elementor-inner-column elementor-element elementor-element-3e39a29\" data-id=\"3e39a29\" data-element_type=\"column\" data-e-type=\"column\">\n\t\t\t<div class=\"elementor-widget-wrap elementor-element-populated\">\n\t\t\t\t\t\t<div class=\"elementor-element elementor-element-a1ff173 elementor-widget elementor-widget-text-editor\" data-id=\"a1ff173\" data-element_type=\"widget\" data-e-type=\"widget\" data-widget_type=\"text-editor.default\">\n\t\t\t\t<div class=\"elementor-widget-container\">\n\t\t\t\t\t\t\t\t\t<h4 class=\"Referencia-Cim\">V\u00edzell\u00e1t\u00e1s-csatorna-g\u00e1zell\u00e1t\u00e1s \u00e9s k\u00fcls\u0151 k\u00f6zm\u0171 kivitelez\u00e9si munk\u00e1latok<\/h4>\n<h6 class=\"Referencia-Alcim\">Balatonlelle<\/h6>\nKivitelez\u00e9s id\u0151pontja: 2016\nL\u00e9tes\u00edtm\u00e9ny t\u00edpusa: Jelenlegi munk\u00e1k\n\t\t\t\t\t\t\t\t<\/div>\n\t\t\t\t<\/div>\n\t\t\t\t\t<\/div>\n\t\t<\/div>\n\t\t\t\t<div class=\"elementor-column elementor-col-25 elementor-inner-column elementor-element elementor-element-2d71f36\" data-id=\"2d71f36\" data-element_type=\"column\" data-e-type=\"column\">\n\t\t\t<div class=\"elementor-widget-wrap elementor-element-populated\">\n\t\t\t\t\t\t<div class=\"elementor-element elementor-element-5c4733f elementor-widget elementor-widget-image\" data-id=\"5c4733f\" data-element_type=\"widget\" data-e-type=\"widget\" data-widget_type=\"image.default\">\n\t\t\t\t<div class=\"elementor-widget-container\">\n\t\t\t\t\t\t\t\t\t\t\t\t\t\t\t<img loading=\"lazy\" decoding=\"async\" width=\"258\" height=\"258\" src=\"https:\/\/www.gazmodulweisz.hu\/wp-content\/uploads\/2021\/05\/Referenciak-38.jpg\" class=\"attachment-large size-large wp-image-13238\" alt=\"\" srcset=\"https:\/\/www.gazmodulweisz.hu\/wp-content\/uploads\/2021\/05\/Referenciak-38.jpg 258w, https:\/\/www.gazmodulweisz.hu\/wp-content\/uploads\/2021\/05\/Referenciak-38-150x150.jpg 150w\" sizes=\"(max-width: 258px) 100vw, 258px\" \/>\t\t\t\t\t\t\t\t\t\t\t\t\t\t\t<\/div>\n\t\t\t\t<\/div>\n\t\t\t\t\t<\/div>\n\t\t<\/div>\n\t\t\t\t<div class=\"elementor-column elementor-col-25 elementor-inner-column elementor-element elementor-element-c39280d\" data-id=\"c39280d\" data-element_type=\"column\" data-e-type=\"column\">\n\t\t\t<div class=\"elementor-widget-wrap elementor-element-populated\">\n\t\t\t\t\t\t<div class=\"elementor-element elementor-element-786c434 elementor-widget elementor-widget-text-editor\" data-id=\"786c434\" data-element_type=\"widget\" data-e-type=\"widget\" data-widget_type=\"text-editor.default\">\n\t\t\t\t<div class=\"elementor-widget-container\">\n\t\t\t\t\t\t\t\t\t<h4 class=\"Referencia-Cim\">\u00c9p\u00fcletg\u00e9p\u00e9szeti munk\u00e1k<\/h4>\n<h6 class=\"Referencia-Alcim\">Fert\u0151d Eszterh\u00e1zy Kast\u00e9ly <\/h6>\nKivitelez\u00e9s id\u0151pontja: 2016\nL\u00e9tes\u00edtm\u00e9ny t\u00edpusa: Jelenlegi munk\u00e1k\n\t\t\t\t\t\t\t\t<\/div>\n\t\t\t\t<\/div>\n\t\t\t\t\t<\/div>\n\t\t<\/div>\n\t\t\t\t\t<\/div>\n\t\t<\/section>\n\t\t\t\t\t<\/div>\n\t\t<\/div>\n\t\t\t\t\t<\/div>\n\t\t<\/section>\n\t\t\t\t<\/div>","protected":false},"excerpt":{"rendered":"<p>K\u00e9rem v\u00e1lassza ki referenci\u00e1ink ter\u00fcletei k\u00f6z\u00fcl az \u00d6n sz\u00e1m\u00e1ra megfelel\u0151t. G\u00e9p\u00e9szeti \u00e9s v\u00edzg\u00e9p\u00e9szeti munk\u00e1k Dunakeszi M\u0171vel\u0151d\u00e9si h\u00e1z fel\u00faj\u00edt\u00e1sa Kivitelez\u00e9s id\u0151pontja: 2016 L\u00e9tes\u00edtm\u00e9ny t\u00edpusa: Jelenlegi munk\u00e1k G\u00e9p\u00e9szeti \u00e9s v\u00edzg\u00e9p\u00e9szeti munk\u00e1k Dunakeszi Tanuszoda Kivitelez\u00e9s id\u0151pontja: 2016 L\u00e9tes\u00edtm\u00e9ny t\u00edpusa: Jelenlegi munk\u00e1k V\u00edzell\u00e1t\u00e1s-csatorna-g\u00e1zell\u00e1t\u00e1s \u00e9s k\u00fcls\u0151 k\u00f6zm\u0171 kivitelez\u00e9si munk\u00e1latok Balatonlelle Kivitelez\u00e9s id\u0151pontja: 2016 L\u00e9tes\u00edtm\u00e9ny t\u00edpusa: Jelenlegi munk\u00e1k \u00c9p\u00fcletg\u00e9p\u00e9szeti munk\u00e1k Fert\u0151d&#8230;<\/p>","protected":false},"author":1,"featured_media":0,"parent":13026,"menu_order":0,"comment_status":"closed","ping_status":"closed","template":"","meta":{"footnotes":""},"class_list":["post-13253","page","type-page","status-publish","hentry"],"yoast_head":"<!-- This site is optimized with the Yoast SEO plugin v21.6 - https:\/\/yoast.com\/wordpress\/plugins\/seo\/ -->\n<title>JELENLEGI MUNK\u00c1K - G\u00e1zmodul Weisz Kft.<\/title>\n<meta name=\"robots\" content=\"index, follow, max-snippet:-1, max-image-preview:large, max-video-preview:-1\" \/>\n<link rel=\"canonical\" href=\"http:\/\/www.gazmodulweisz.hu\/en\/referenciak\/jelenlegi-munkak\/\" \/>\n<meta property=\"og:locale\" content=\"en_GB\" \/>\n<meta property=\"og:type\" content=\"article\" \/>\n<meta property=\"og:title\" content=\"JELENLEGI MUNK\u00c1K - G\u00e1zmodul Weisz Kft.\" \/>\n<meta property=\"og:description\" content=\"K\u00e9rem v\u00e1lassza ki referenci\u00e1ink ter\u00fcletei k\u00f6z\u00fcl az \u00d6n sz\u00e1m\u00e1ra megfelel\u0151t. G\u00e9p\u00e9szeti \u00e9s v\u00edzg\u00e9p\u00e9szeti munk\u00e1k Dunakeszi M\u0171vel\u0151d\u00e9si h\u00e1z fel\u00faj\u00edt\u00e1sa Kivitelez\u00e9s id\u0151pontja: 2016 L\u00e9tes\u00edtm\u00e9ny t\u00edpusa: Jelenlegi munk\u00e1k G\u00e9p\u00e9szeti \u00e9s v\u00edzg\u00e9p\u00e9szeti munk\u00e1k Dunakeszi Tanuszoda Kivitelez\u00e9s id\u0151pontja: 2016 L\u00e9tes\u00edtm\u00e9ny t\u00edpusa: Jelenlegi munk\u00e1k V\u00edzell\u00e1t\u00e1s-csatorna-g\u00e1zell\u00e1t\u00e1s \u00e9s k\u00fcls\u0151 k\u00f6zm\u0171 kivitelez\u00e9si munk\u00e1latok Balatonlelle Kivitelez\u00e9s id\u0151pontja: 2016 L\u00e9tes\u00edtm\u00e9ny t\u00edpusa: Jelenlegi munk\u00e1k \u00c9p\u00fcletg\u00e9p\u00e9szeti munk\u00e1k Fert\u0151d...\" \/>\n<meta property=\"og:url\" content=\"http:\/\/www.gazmodulweisz.hu\/en\/referenciak\/jelenlegi-munkak\/\" \/>\n<meta property=\"og:site_name\" content=\"G\u00e1zmodul Weisz Kft.\" \/>\n<meta property=\"article:modified_time\" content=\"2021-06-07T11:01:50+00:00\" \/>\n<meta property=\"og:image\" content=\"http:\/\/www.gazmodulweisz.hu\/wp-content\/uploads\/2021\/05\/Referenciak-23.jpg\" \/>\n<meta name=\"twitter:card\" content=\"summary_large_image\" \/>\n<meta name=\"twitter:label1\" content=\"Estimated reading time\" \/>\n\t<meta name=\"twitter:data1\" content=\"2 minutes\" \/>\n<script type=\"application\/ld+json\" class=\"yoast-schema-graph\">{\"@context\":\"https:\/\/schema.org\",\"@graph\":[{\"@type\":\"WebPage\",\"@id\":\"https:\/\/www.gazmodulweisz.hu\/referenciak\/jelenlegi-munkak\/\",\"url\":\"https:\/\/www.gazmodulweisz.hu\/referenciak\/jelenlegi-munkak\/\",\"name\":\"JELENLEGI MUNK\u00c1K - G\u00e1zmodul Weisz Kft.\",\"isPartOf\":{\"@id\":\"https:\/\/www.gazmodulweisz.hu\/#website\"},\"datePublished\":\"2021-05-28T09:51:16+00:00\",\"dateModified\":\"2021-06-07T11:01:50+00:00\",\"breadcrumb\":{\"@id\":\"https:\/\/www.gazmodulweisz.hu\/referenciak\/jelenlegi-munkak\/#breadcrumb\"},\"inLanguage\":\"en-GB\",\"potentialAction\":[{\"@type\":\"ReadAction\",\"target\":[\"https:\/\/www.gazmodulweisz.hu\/referenciak\/jelenlegi-munkak\/\"]}]},{\"@type\":\"BreadcrumbList\",\"@id\":\"https:\/\/www.gazmodulweisz.hu\/referenciak\/jelenlegi-munkak\/#breadcrumb\",\"itemListElement\":[{\"@type\":\"ListItem\",\"position\":1,\"name\":\"Kezd\u0151lap\",\"item\":\"https:\/\/www.gazmodulweisz.hu\/\"},{\"@type\":\"ListItem\",\"position\":2,\"name\":\"Referenci\u00e1k\",\"item\":\"https:\/\/www.gazmodulweisz.hu\/referenciak\/\"},{\"@type\":\"ListItem\",\"position\":3,\"name\":\"JELENLEGI MUNK\u00c1K\"}]},{\"@type\":\"WebSite\",\"@id\":\"https:\/\/www.gazmodulweisz.hu\/#website\",\"url\":\"https:\/\/www.gazmodulweisz.hu\/\",\"name\":\"G\u00e1zmodul Weisz Kft.\",\"description\":\"Professzion\u00e1lis kivitelez\u00e9s\",\"potentialAction\":[{\"@type\":\"SearchAction\",\"target\":{\"@type\":\"EntryPoint\",\"urlTemplate\":\"https:\/\/www.gazmodulweisz.hu\/?s={search_term_string}\"},\"query-input\":\"required name=search_term_string\"}],\"inLanguage\":\"en-GB\"}]}<\/script>\n<!-- \/ Yoast SEO plugin. -->","yoast_head_json":{"title":"JELENLEGI MUNK\u00c1K - G\u00e1zmodul Weisz Kft.","robots":{"index":"index","follow":"follow","max-snippet":"max-snippet:-1","max-image-preview":"max-image-preview:large","max-video-preview":"max-video-preview:-1"},"canonical":"http:\/\/www.gazmodulweisz.hu\/en\/referenciak\/jelenlegi-munkak\/","og_locale":"en_GB","og_type":"article","og_title":"JELENLEGI MUNK\u00c1K - G\u00e1zmodul Weisz Kft.","og_description":"K\u00e9rem v\u00e1lassza ki referenci\u00e1ink ter\u00fcletei k\u00f6z\u00fcl az \u00d6n sz\u00e1m\u00e1ra megfelel\u0151t. G\u00e9p\u00e9szeti \u00e9s v\u00edzg\u00e9p\u00e9szeti munk\u00e1k Dunakeszi M\u0171vel\u0151d\u00e9si h\u00e1z fel\u00faj\u00edt\u00e1sa Kivitelez\u00e9s id\u0151pontja: 2016 L\u00e9tes\u00edtm\u00e9ny t\u00edpusa: Jelenlegi munk\u00e1k G\u00e9p\u00e9szeti \u00e9s v\u00edzg\u00e9p\u00e9szeti munk\u00e1k Dunakeszi Tanuszoda Kivitelez\u00e9s id\u0151pontja: 2016 L\u00e9tes\u00edtm\u00e9ny t\u00edpusa: Jelenlegi munk\u00e1k V\u00edzell\u00e1t\u00e1s-csatorna-g\u00e1zell\u00e1t\u00e1s \u00e9s k\u00fcls\u0151 k\u00f6zm\u0171 kivitelez\u00e9si munk\u00e1latok Balatonlelle Kivitelez\u00e9s id\u0151pontja: 2016 L\u00e9tes\u00edtm\u00e9ny t\u00edpusa: Jelenlegi munk\u00e1k \u00c9p\u00fcletg\u00e9p\u00e9szeti munk\u00e1k Fert\u0151d...","og_url":"http:\/\/www.gazmodulweisz.hu\/en\/referenciak\/jelenlegi-munkak\/","og_site_name":"G\u00e1zmodul Weisz Kft.","article_modified_time":"2021-06-07T11:01:50+00:00","og_image":[{"url":"http:\/\/www.gazmodulweisz.hu\/wp-content\/uploads\/2021\/05\/Referenciak-23.jpg"}],"twitter_card":"summary_large_image","twitter_misc":{"Estimated reading time":"2 minutes"},"schema":{"@context":"https:\/\/schema.org","@graph":[{"@type":"WebPage","@id":"https:\/\/www.gazmodulweisz.hu\/referenciak\/jelenlegi-munkak\/","url":"https:\/\/www.gazmodulweisz.hu\/referenciak\/jelenlegi-munkak\/","name":"JELENLEGI MUNK\u00c1K - G\u00e1zmodul Weisz Kft.","isPartOf":{"@id":"https:\/\/www.gazmodulweisz.hu\/#website"},"datePublished":"2021-05-28T09:51:16+00:00","dateModified":"2021-06-07T11:01:50+00:00","breadcrumb":{"@id":"https:\/\/www.gazmodulweisz.hu\/referenciak\/jelenlegi-munkak\/#breadcrumb"},"inLanguage":"en-GB","potentialAction":[{"@type":"ReadAction","target":["https:\/\/www.gazmodulweisz.hu\/referenciak\/jelenlegi-munkak\/"]}]},{"@type":"BreadcrumbList","@id":"https:\/\/www.gazmodulweisz.hu\/referenciak\/jelenlegi-munkak\/#breadcrumb","itemListElement":[{"@type":"ListItem","position":1,"name":"Kezd\u0151lap","item":"https:\/\/www.gazmodulweisz.hu\/"},{"@type":"ListItem","position":2,"name":"Referenci\u00e1k","item":"https:\/\/www.gazmodulweisz.hu\/referenciak\/"},{"@type":"ListItem","position":3,"name":"JELENLEGI MUNK\u00c1K"}]},{"@type":"WebSite","@id":"https:\/\/www.gazmodulweisz.hu\/#website","url":"https:\/\/www.gazmodulweisz.hu\/","name":"G\u00e1zmodul Weisz Kft.","description":"Professzion\u00e1lis kivitelez\u00e9s","potentialAction":[{"@type":"SearchAction","target":{"@type":"EntryPoint","urlTemplate":"https:\/\/www.gazmodulweisz.hu\/?s={search_term_string}"},"query-input":"required name=search_term_string"}],"inLanguage":"en-GB"}]}},"_links":{"self":[{"href":"http:\/\/www.gazmodulweisz.hu\/en\/wp-json\/wp\/v2\/pages\/13253","targetHints":{"allow":["GET"]}}],"collection":[{"href":"http:\/\/www.gazmodulweisz.hu\/en\/wp-json\/wp\/v2\/pages"}],"about":[{"href":"http:\/\/www.gazmodulweisz.hu\/en\/wp-json\/wp\/v2\/types\/page"}],"author":[{"embeddable":true,"href":"http:\/\/www.gazmodulweisz.hu\/en\/wp-json\/wp\/v2\/users\/1"}],"replies":[{"embeddable":true,"href":"http:\/\/www.gazmodulweisz.hu\/en\/wp-json\/wp\/v2\/comments?post=13253"}],"version-history":[{"count":9,"href":"http:\/\/www.gazmodulweisz.hu\/en\/wp-json\/wp\/v2\/pages\/13253\/revisions"}],"predecessor-version":[{"id":13576,"href":"http:\/\/www.gazmodulweisz.hu\/en\/wp-json\/wp\/v2\/pages\/13253\/revisions\/13576"}],"up":[{"embeddable":true,"href":"http:\/\/www.gazmodulweisz.hu\/en\/wp-json\/wp\/v2\/pages\/13026"}],"wp:attachment":[{"href":"http:\/\/www.gazmodulweisz.hu\/en\/wp-json\/wp\/v2\/media?parent=13253"}],"curies":[{"name":"wp","href":"https:\/\/api.w.org\/{rel}","templated":true}]}}