{"id":13022,"date":"2021-05-19T13:47:00","date_gmt":"2021-05-19T13:47:00","guid":{"rendered":"http:\/\/gazmodulweiszwp.publictest.fejlesztokhaza.hu\/?page_id=13022"},"modified":"2021-06-11T09:10:17","modified_gmt":"2021-06-11T09:10:17","slug":"cegunkrol","status":"publish","type":"page","link":"https:\/\/www.gazmodulweisz.hu\/en\/cegunkrol\/","title":{"rendered":"About us"},"content":{"rendered":"<div class=\"wp-block-image\"><figure class=\"alignright size-large is-resized\"><img fetchpriority=\"high\" decoding=\"async\" src=\"http:\/\/www.gazmodulweisz.hu\/wp-content\/uploads\/2021\/06\/Cegunk.jpg\" alt=\"\" class=\"wp-image-13924\" width=\"611\" height=\"460\" srcset=\"https:\/\/www.gazmodulweisz.hu\/wp-content\/uploads\/2021\/06\/Cegunk.jpg 657w, https:\/\/www.gazmodulweisz.hu\/wp-content\/uploads\/2021\/06\/Cegunk-300x226.jpg 300w, https:\/\/www.gazmodulweisz.hu\/wp-content\/uploads\/2021\/06\/Cegunk-16x12.jpg 16w\" sizes=\"(max-width: 611px) 100vw, 611px\" \/><\/figure><\/div>\n\n\n\n<p>A&nbsp;<strong>G\u00e1zmodul &#8211; Weisz Kft. 7000 S\u00e1rbog\u00e1rd, Ady Endre \u00fat 215.<\/strong>&nbsp;sz\u00e1m alatt m\u0171k\u00f6d\u0151 Korl\u00e1tolt Felel\u0151ss\u00e9g\u0171 T\u00e1rsas\u00e1g kezdetben csal\u00e1di v\u00e1llalkoz\u00e1sk\u00e9nt indult. Eredm\u00e9nyeinket olyan jelent\u0151s munk\u00e1k \u00e1tad\u00e1s\u00e1nak k\u00f6sz\u00f6nhetj\u00fck,&nbsp;amelyeket j\u00f3 min\u0151s\u00e9gben, ig\u00e9nyesen \u00e9s m\u0171szaki szempontok szerint, sz\u00ednvonalasan val\u00f3s\u00edtottuk meg, \u00e9s ezzel letett\u00fck n\u00e9vjegy\u00fcnket, meghat\u00e1roztuk poz\u00edci\u00f3nkat a kereskedelemben, valamint az \u00e9p\u00fcletg\u00e9p\u00e9szeti kivitelez\u00e9seken bel\u00fcl. Az \u00e9vek sor\u00e1n elnyert \u00faj kivitelez\u00e9sek&nbsp;\u00e9s a visszat\u00e9r\u0151 megrendel\u0151k eredm\u00e9nyek\u00e9nt c\u00e9g\u00fcnk folyamatos fejl\u0151d\u00e9sen ment kereszt\u00fcl, \u00edgy a <strong>mai napra munkat\u00e1rsaink l\u00e9tsz\u00e1ma el\u00e9rte az 52 f\u0151t<\/strong>. Teherg\u00e9pj\u00e1rm\u0171ink sz\u00e1ma 24 db, melyeket \u00e1rusz\u00e1ll\u00edt\u00e1sra \u00e9s munkat\u00e1rsaink sz\u00e1ll\u00edt\u00e1s\u00e1ra haszn\u00e1lunk, tov\u00e1bb\u00e1 rendelkez\u00fcnk minden \u00e9p\u00fcletg\u00e9p\u00e9szeti tev\u00e9kenys\u00e9ghez sz\u00fcks\u00e9ges szersz\u00e1mmal.<\/p>\n\n\n\n<p>\u00c9rt\u00e9krend\u00fcnkben kiemelt helyen \u00e1ll a min\u0151s\u00e9gi munka ir\u00e1nti elk\u00f6telezetts\u00e9g, mely mellett a hat\u00e1rid\u0151k betart\u00e1sa, a hat\u00e9kony \u00e9s rugalmas munkav\u00e9gz\u00e9s&nbsp;<strong>munk\u00e1ink eredm\u00e9nyess\u00e9g\u00e9nek<\/strong>&nbsp;a kulcsa. Munk\u00e1ink sor\u00e1n a megrendel\u0151i ig\u00e9nyek \u00e1llnak a k\u00f6z\u00e9ppontban, melyhez adjuk a szak\u00e9rtelm\u00fcnket, a tapasztalatunkat, nagy hangs\u00falyt fektetve a precizit\u00e1sra. A saj\u00e1t alkalmazotti munkaer\u0151nk\u00f6n k\u00edv\u00fcl folyamatosan foglalkoztatunk k\u00fcls\u0151 c\u00e9geket is.&nbsp;<strong>M\u00e1ra kipr\u00f3b\u00e1lt alv\u00e1llalkoz\u00f3i k\u00f6r \u00e1ll m\u00f6g\u00f6tt\u00fcnk.<\/strong><\/p>\n\n\n\n<p><strong>Els\u0151dleges c\u00e9lunk, hogy szolg\u00e1ltat\u00e1saink \u00e9s term\u00e9keink min\u0151s\u00e9ge megrendel\u0151ink ig\u00e9nyinek maxim\u00e1lisan megfeleljen<\/strong>, \u00fcgyfeleink bizalm\u00e1t teljes k\u00f6r\u0171 szolg\u00e1ltat\u00e1ssal, szaktan\u00e1csad\u00e1ssal \u00e9s versenyk\u00e9pes \u00e1rakkal igyeksz\u00fcnk elnyerni.<\/p>\n\n\n\n<p><strong>Magas sz\u00ednvonal\u00fa munk\u00e1nk<\/strong>, tud\u00e1sunk \u00e9s tehets\u00e9g\u00fcnk bizony\u00edt\u00e9ka az a t\u00e9ny, hogy C\u00e9g\u00fcnk megalakul\u00e1sa \u00f3ta dinamikusan fejl\u0151d\u00fcnk \u00e9s nyeres\u00e9gesen m\u0171k\u00f6d\u00fcnk, tov\u00e1bb\u00e1 az APEH k\u00f6ztartoz\u00e1smentes adatb\u00e1zis\u00e1ban is szerepel\u00fcnk.<\/p>\n\n\n\n<p>Eddigi tev\u00e9kenys\u00e9g\u00fcnk eredm\u00e9nyess\u00e9g\u00e9t megrendel\u0151ink megel\u00e9gedetts\u00e9ge \u00e9s az azt al\u00e1t\u00e1maszt\u00f3 megrendel\u0151i referenciaigazol\u00e1sok bizony\u00edtj\u00e1k.<\/p>\n\n\n\n<p>B\u00edzunk benne, hogy a r\u00f6vid c\u00e9gismertet\u0151 \u00e9s a t\u00e1rgyi munk\u00e1ra adott aj\u00e1nlatunk elnyerte tetsz\u00e9s\u00fcket, \u00e9s r\u00f6videsen\u00a0<strong>\u00d6n\u00f6ket is megrendel\u0151ink k\u00f6z\u00f6tt tudhatjuk.<\/strong><\/p>\n\n\n\n<hr class=\"wp-block-separator\"\/>\n\n\n\n<p><strong>Tulajdonosok<\/strong>:<br>Weisz Gy\u00f6rgy Zolt\u00e1n<br>Weisz Gy\u00f6rgy Zolt\u00e1nn\u00e9<br>Weisz G\u00e1bor<br>Weisz Melinda<\/p>\n\n\n\n<p><strong>C\u00e9g k\u00e9pviseletre jogosultak:<\/strong><br>Weisz Gy\u00f6rgy Zolt\u00e1nn\u00e9<br>Weisz G\u00e1bor<br>Weisz Melinda<\/p>\n\n\n\n<p><strong>El\u00e9rhet\u0151s\u00e9gek:<\/strong><\/p>\n\n\n\n<p>G\u00e1zmodul &#8211; Weisz Kft.<br>7000 S\u00e1rbog\u00e1rd, Ady Endre \u00fat 215.<br>Ad\u00f3sz\u00e1m: 11457035-2-07<br>C\u00e9gj. sz\u00e1m: 07-09-005200<br>Tel: (25)508-128<br>Fax: (25)462-569<br>E-mail: <a href=\"mailto:info@gazmodulweisz.hu\">info@gazmodulweisz.hu<\/a><\/p>","protected":false},"excerpt":{"rendered":"<p>A&nbsp;G\u00e1zmodul &#8211; Weisz Kft. 7000 S\u00e1rbog\u00e1rd, Ady Endre \u00fat 215.&nbsp;sz\u00e1m alatt m\u0171k\u00f6d\u0151 Korl\u00e1tolt Felel\u0151ss\u00e9g\u0171 T\u00e1rsas\u00e1g kezdetben csal\u00e1di v\u00e1llalkoz\u00e1sk\u00e9nt indult. Eredm\u00e9nyeinket olyan jelent\u0151s munk\u00e1k \u00e1tad\u00e1s\u00e1nak k\u00f6sz\u00f6nhetj\u00fck,&nbsp;amelyeket j\u00f3 min\u0151s\u00e9gben, ig\u00e9nyesen \u00e9s m\u0171szaki szempontok szerint, sz\u00ednvonalasan val\u00f3s\u00edtottuk meg, \u00e9s ezzel letett\u00fck n\u00e9vjegy\u00fcnket, meghat\u00e1roztuk poz\u00edci\u00f3nkat a kereskedelemben, valamint az \u00e9p\u00fcletg\u00e9p\u00e9szeti kivitelez\u00e9seken bel\u00fcl. Az \u00e9vek sor\u00e1n elnyert \u00faj kivitelez\u00e9sek&nbsp;\u00e9s a&#8230;<\/p>","protected":false},"author":1,"featured_media":0,"parent":0,"menu_order":0,"comment_status":"closed","ping_status":"closed","template":"","meta":{"footnotes":""},"class_list":["post-13022","page","type-page","status-publish","hentry"],"yoast_head":"<!-- This site is optimized with the Yoast SEO plugin v21.6 - https:\/\/yoast.com\/wordpress\/plugins\/seo\/ -->\n<title>C\u00e9g\u00fcnkr\u0151l - G\u00e1zmodul Weisz Kft.<\/title>\n<meta name=\"robots\" content=\"index, follow, max-snippet:-1, max-image-preview:large, max-video-preview:-1\" \/>\n<link rel=\"canonical\" href=\"https:\/\/www.gazmodulweisz.hu\/en\/cegunkrol\/\" \/>\n<meta property=\"og:locale\" content=\"en_GB\" \/>\n<meta property=\"og:type\" content=\"article\" \/>\n<meta property=\"og:title\" content=\"C\u00e9g\u00fcnkr\u0151l - G\u00e1zmodul Weisz Kft.\" \/>\n<meta property=\"og:description\" content=\"A&nbsp;G\u00e1zmodul &#8211; Weisz Kft. 7000 S\u00e1rbog\u00e1rd, Ady Endre \u00fat 215.&nbsp;sz\u00e1m alatt m\u0171k\u00f6d\u0151 Korl\u00e1tolt Felel\u0151ss\u00e9g\u0171 T\u00e1rsas\u00e1g kezdetben csal\u00e1di v\u00e1llalkoz\u00e1sk\u00e9nt indult. Eredm\u00e9nyeinket olyan jelent\u0151s munk\u00e1k \u00e1tad\u00e1s\u00e1nak k\u00f6sz\u00f6nhetj\u00fck,&nbsp;amelyeket j\u00f3 min\u0151s\u00e9gben, ig\u00e9nyesen \u00e9s m\u0171szaki szempontok szerint, sz\u00ednvonalasan val\u00f3s\u00edtottuk meg, \u00e9s ezzel letett\u00fck n\u00e9vjegy\u00fcnket, meghat\u00e1roztuk poz\u00edci\u00f3nkat a kereskedelemben, valamint az \u00e9p\u00fcletg\u00e9p\u00e9szeti kivitelez\u00e9seken bel\u00fcl. Az \u00e9vek sor\u00e1n elnyert \u00faj kivitelez\u00e9sek&nbsp;\u00e9s a...\" \/>\n<meta property=\"og:url\" content=\"https:\/\/www.gazmodulweisz.hu\/en\/cegunkrol\/\" \/>\n<meta property=\"og:site_name\" content=\"G\u00e1zmodul Weisz Kft.\" \/>\n<meta property=\"article:modified_time\" content=\"2021-06-11T09:10:17+00:00\" \/>\n<meta property=\"og:image\" content=\"http:\/\/www.gazmodulweisz.hu\/wp-content\/uploads\/2021\/06\/Cegunk.jpg\" \/>\n<meta name=\"twitter:card\" content=\"summary_large_image\" \/>\n<meta name=\"twitter:label1\" content=\"Estimated reading time\" \/>\n\t<meta name=\"twitter:data1\" content=\"2 minutes\" \/>\n<script type=\"application\/ld+json\" class=\"yoast-schema-graph\">{\"@context\":\"https:\/\/schema.org\",\"@graph\":[{\"@type\":\"WebPage\",\"@id\":\"https:\/\/www.gazmodulweisz.hu\/cegunkrol\/\",\"url\":\"https:\/\/www.gazmodulweisz.hu\/cegunkrol\/\",\"name\":\"C\u00e9g\u00fcnkr\u0151l - G\u00e1zmodul Weisz Kft.\",\"isPartOf\":{\"@id\":\"https:\/\/www.gazmodulweisz.hu\/#website\"},\"datePublished\":\"2021-05-19T13:47:00+00:00\",\"dateModified\":\"2021-06-11T09:10:17+00:00\",\"breadcrumb\":{\"@id\":\"https:\/\/www.gazmodulweisz.hu\/cegunkrol\/#breadcrumb\"},\"inLanguage\":\"en-GB\",\"potentialAction\":[{\"@type\":\"ReadAction\",\"target\":[\"https:\/\/www.gazmodulweisz.hu\/cegunkrol\/\"]}]},{\"@type\":\"BreadcrumbList\",\"@id\":\"https:\/\/www.gazmodulweisz.hu\/cegunkrol\/#breadcrumb\",\"itemListElement\":[{\"@type\":\"ListItem\",\"position\":1,\"name\":\"Kezd\u0151lap\",\"item\":\"https:\/\/www.gazmodulweisz.hu\/\"},{\"@type\":\"ListItem\",\"position\":2,\"name\":\"C\u00e9g\u00fcnkr\u0151l\"}]},{\"@type\":\"WebSite\",\"@id\":\"https:\/\/www.gazmodulweisz.hu\/#website\",\"url\":\"https:\/\/www.gazmodulweisz.hu\/\",\"name\":\"G\u00e1zmodul Weisz Kft.\",\"description\":\"Professzion\u00e1lis kivitelez\u00e9s\",\"potentialAction\":[{\"@type\":\"SearchAction\",\"target\":{\"@type\":\"EntryPoint\",\"urlTemplate\":\"https:\/\/www.gazmodulweisz.hu\/?s={search_term_string}\"},\"query-input\":\"required name=search_term_string\"}],\"inLanguage\":\"en-GB\"}]}<\/script>\n<!-- \/ Yoast SEO plugin. -->","yoast_head_json":{"title":"C\u00e9g\u00fcnkr\u0151l - G\u00e1zmodul Weisz Kft.","robots":{"index":"index","follow":"follow","max-snippet":"max-snippet:-1","max-image-preview":"max-image-preview:large","max-video-preview":"max-video-preview:-1"},"canonical":"https:\/\/www.gazmodulweisz.hu\/en\/cegunkrol\/","og_locale":"en_GB","og_type":"article","og_title":"C\u00e9g\u00fcnkr\u0151l - G\u00e1zmodul Weisz Kft.","og_description":"A&nbsp;G\u00e1zmodul &#8211; Weisz Kft. 7000 S\u00e1rbog\u00e1rd, Ady Endre \u00fat 215.&nbsp;sz\u00e1m alatt m\u0171k\u00f6d\u0151 Korl\u00e1tolt Felel\u0151ss\u00e9g\u0171 T\u00e1rsas\u00e1g kezdetben csal\u00e1di v\u00e1llalkoz\u00e1sk\u00e9nt indult. Eredm\u00e9nyeinket olyan jelent\u0151s munk\u00e1k \u00e1tad\u00e1s\u00e1nak k\u00f6sz\u00f6nhetj\u00fck,&nbsp;amelyeket j\u00f3 min\u0151s\u00e9gben, ig\u00e9nyesen \u00e9s m\u0171szaki szempontok szerint, sz\u00ednvonalasan val\u00f3s\u00edtottuk meg, \u00e9s ezzel letett\u00fck n\u00e9vjegy\u00fcnket, meghat\u00e1roztuk poz\u00edci\u00f3nkat a kereskedelemben, valamint az \u00e9p\u00fcletg\u00e9p\u00e9szeti kivitelez\u00e9seken bel\u00fcl. Az \u00e9vek sor\u00e1n elnyert \u00faj kivitelez\u00e9sek&nbsp;\u00e9s a...","og_url":"https:\/\/www.gazmodulweisz.hu\/en\/cegunkrol\/","og_site_name":"G\u00e1zmodul Weisz Kft.","article_modified_time":"2021-06-11T09:10:17+00:00","og_image":[{"url":"http:\/\/www.gazmodulweisz.hu\/wp-content\/uploads\/2021\/06\/Cegunk.jpg"}],"twitter_card":"summary_large_image","twitter_misc":{"Estimated reading time":"2 minutes"},"schema":{"@context":"https:\/\/schema.org","@graph":[{"@type":"WebPage","@id":"https:\/\/www.gazmodulweisz.hu\/cegunkrol\/","url":"https:\/\/www.gazmodulweisz.hu\/cegunkrol\/","name":"C\u00e9g\u00fcnkr\u0151l - G\u00e1zmodul Weisz Kft.","isPartOf":{"@id":"https:\/\/www.gazmodulweisz.hu\/#website"},"datePublished":"2021-05-19T13:47:00+00:00","dateModified":"2021-06-11T09:10:17+00:00","breadcrumb":{"@id":"https:\/\/www.gazmodulweisz.hu\/cegunkrol\/#breadcrumb"},"inLanguage":"en-GB","potentialAction":[{"@type":"ReadAction","target":["https:\/\/www.gazmodulweisz.hu\/cegunkrol\/"]}]},{"@type":"BreadcrumbList","@id":"https:\/\/www.gazmodulweisz.hu\/cegunkrol\/#breadcrumb","itemListElement":[{"@type":"ListItem","position":1,"name":"Kezd\u0151lap","item":"https:\/\/www.gazmodulweisz.hu\/"},{"@type":"ListItem","position":2,"name":"C\u00e9g\u00fcnkr\u0151l"}]},{"@type":"WebSite","@id":"https:\/\/www.gazmodulweisz.hu\/#website","url":"https:\/\/www.gazmodulweisz.hu\/","name":"G\u00e1zmodul Weisz Kft.","description":"Professzion\u00e1lis kivitelez\u00e9s","potentialAction":[{"@type":"SearchAction","target":{"@type":"EntryPoint","urlTemplate":"https:\/\/www.gazmodulweisz.hu\/?s={search_term_string}"},"query-input":"required name=search_term_string"}],"inLanguage":"en-GB"}]}},"_links":{"self":[{"href":"https:\/\/www.gazmodulweisz.hu\/en\/wp-json\/wp\/v2\/pages\/13022","targetHints":{"allow":["GET"]}}],"collection":[{"href":"https:\/\/www.gazmodulweisz.hu\/en\/wp-json\/wp\/v2\/pages"}],"about":[{"href":"https:\/\/www.gazmodulweisz.hu\/en\/wp-json\/wp\/v2\/types\/page"}],"author":[{"embeddable":true,"href":"https:\/\/www.gazmodulweisz.hu\/en\/wp-json\/wp\/v2\/users\/1"}],"replies":[{"embeddable":true,"href":"https:\/\/www.gazmodulweisz.hu\/en\/wp-json\/wp\/v2\/comments?post=13022"}],"version-history":[{"count":39,"href":"https:\/\/www.gazmodulweisz.hu\/en\/wp-json\/wp\/v2\/pages\/13022\/revisions"}],"predecessor-version":[{"id":14188,"href":"https:\/\/www.gazmodulweisz.hu\/en\/wp-json\/wp\/v2\/pages\/13022\/revisions\/14188"}],"wp:attachment":[{"href":"https:\/\/www.gazmodulweisz.hu\/en\/wp-json\/wp\/v2\/media?parent=13022"}],"curies":[{"name":"wp","href":"https:\/\/api.w.org\/{rel}","templated":true}]}}