{"id":13028,"date":"2021-05-19T13:48:25","date_gmt":"2021-05-19T13:48:25","guid":{"rendered":"http:\/\/gazmodulweiszwp.publictest.fejlesztokhaza.hu\/?page_id=13028"},"modified":"2021-06-07T11:11:27","modified_gmt":"2021-06-07T11:11:27","slug":"ajanlatkeres","status":"publish","type":"page","link":"https:\/\/www.gazmodulweisz.hu\/en\/ajanlatkeres\/","title":{"rendered":"Request for"},"content":{"rendered":"<div data-elementor-type=\"wp-page\" data-elementor-id=\"13028\" class=\"elementor elementor-13028\">\n\t\t\t\t\t\t<section class=\"elementor-section elementor-top-section elementor-element elementor-element-b187718 elementor-section-boxed elementor-section-height-default elementor-section-height-default\" data-id=\"b187718\" data-element_type=\"section\" data-e-type=\"section\" data-settings=\"{&quot;background_background&quot;:&quot;classic&quot;}\">\n\t\t\t\t\t\t<div class=\"elementor-container elementor-column-gap-default\">\n\t\t\t\t\t<div class=\"elementor-column elementor-col-100 elementor-top-column elementor-element elementor-element-9c43d1f\" data-id=\"9c43d1f\" data-element_type=\"column\" data-e-type=\"column\">\n\t\t\t<div class=\"elementor-widget-wrap elementor-element-populated\">\n\t\t\t\t\t\t<div class=\"elementor-element elementor-element-c424a6c elementor-widget elementor-widget-heading\" data-id=\"c424a6c\" data-element_type=\"widget\" data-e-type=\"widget\" data-widget_type=\"heading.default\">\n\t\t\t\t<div class=\"elementor-widget-container\">\n\t\t\t\t\t<h1 class=\"elementor-heading-title elementor-size-default\">Request for<\/h1>\t\t\t\t<\/div>\n\t\t\t\t<\/div>\n\t\t\t\t<div class=\"elementor-element elementor-element-3f11904 elementor-widget elementor-widget-text-editor\" data-id=\"3f11904\" data-element_type=\"widget\" data-e-type=\"widget\" data-widget_type=\"text-editor.default\">\n\t\t\t\t<div class=\"elementor-widget-container\">\n\t\t\t\t\t\t\t\t\t<p>R\u00e9szletes aj\u00e1nlatk\u00e9r\u00e9shez k\u00e9rj\u00fck vegye fel vel\u00fcnk a kapcsolatot telefonon: +36\u00a0(25) 508-128 Ha az \u0171rlapot k\u00edv\u00e1nja haszn\u00e1lni, k\u00e9rj\u00fck t\u00f6ltse ki min\u00e9l r\u00e9szletesebben a mez\u0151ket, ezzel megk\u00f6nny\u00edti a munk\u00e1nkat, gyorsabban \u00e9s pontosabban tudunk aj\u00e1nlatot kalkul\u00e1lni.<\/p>\t\t\t\t\t\t\t\t<\/div>\n\t\t\t\t<\/div>\n\t\t\t\t<div class=\"elementor-element elementor-element-8437995 elementor-widget elementor-widget-heading\" data-id=\"8437995\" data-element_type=\"widget\" data-e-type=\"widget\" data-widget_type=\"heading.default\">\n\t\t\t\t<div class=\"elementor-widget-container\">\n\t\t\t\t\t<h3 class=\"elementor-heading-title elementor-size-default\">Mivel kapcsolatban szeretne aj\u00e1nlatot k\u00e9rni?<\/h3>\t\t\t\t<\/div>\n\t\t\t\t<\/div>\n\t\t\t\t\t<\/div>\n\t\t<\/div>\n\t\t\t\t\t<\/div>\n\t\t<\/section>\n\t\t\t\t<section class=\"elementor-section elementor-top-section elementor-element elementor-element-e3a35f5 elementor-section-boxed elementor-section-height-default elementor-section-height-default\" data-id=\"e3a35f5\" data-element_type=\"section\" data-e-type=\"section\" data-settings=\"{&quot;background_background&quot;:&quot;classic&quot;}\">\n\t\t\t\t\t\t<div class=\"elementor-container elementor-column-gap-default\">\n\t\t\t\t\t<div class=\"elementor-column elementor-col-100 elementor-top-column elementor-element elementor-element-6e0bc92\" data-id=\"6e0bc92\" data-element_type=\"column\" data-e-type=\"column\">\n\t\t\t<div class=\"elementor-widget-wrap elementor-element-populated\">\n\t\t\t\t\t\t<div class=\"elementor-element elementor-element-ce92c0c elementor-widget elementor-widget-text-editor\" data-id=\"ce92c0c\" data-element_type=\"widget\" data-e-type=\"widget\" data-widget_type=\"text-editor.default\">\n\t\t\t\t<div class=\"elementor-widget-container\">\n\t\t\t\t\t\t\t\t\t<p>Fields marked with * are required.<\/p>\t\t\t\t\t\t\t\t<\/div>\n\t\t\t\t<\/div>\n\t\t\t\t<div class=\"elementor-element elementor-element-c81bfa8 elementor-widget elementor-widget-wpforms\" data-id=\"c81bfa8\" data-element_type=\"widget\" data-e-type=\"widget\" data-widget_type=\"wpforms.default\">\n\t\t\t\t<div class=\"elementor-widget-container\">\n\t\t\t\t\t<div class=\"wpforms-container wpforms-container-full\" id=\"wpforms-13346\"><form id=\"wpforms-form-13346\" class=\"wpforms-validate wpforms-form\" data-formid=\"13346\" method=\"post\" enctype=\"multipart\/form-data\" action=\"\/en\/wp-json\/wp\/v2\/pages\/13028\" data-token=\"b4f84122502e94525f857bcba6e3e6c6\" data-trp-original-action=\"\/en\/wp-json\/wp\/v2\/pages\/13028\"><noscript class=\"wpforms-error-noscript\">Please enable JavaScript in your browser to complete this form.<\/noscript><div class=\"wpforms-field-container\"><div id=\"wpforms-13346-field_3-container\" class=\"wpforms-field wpforms-field-checkbox wpforms-list-3-columns\" data-field-id=\"3\"><ul id=\"wpforms-13346-field_3\"><li class=\"choice-1 depth-1\"><input type=\"checkbox\" id=\"wpforms-13346-field_3_1\" name=\"wpforms[fields][3][]\" value=\"Tervez\u00e9s\"  ><label class=\"wpforms-field-label-inline\" for=\"wpforms-13346-field_3_1\">Planning<\/label><\/li><li class=\"choice-2 depth-1\"><input type=\"checkbox\" id=\"wpforms-13346-field_3_2\" name=\"wpforms[fields][3][]\" value=\"G\u00e9p\u00e9szeti kivitelez\u00e9s\"  ><label class=\"wpforms-field-label-inline\" for=\"wpforms-13346-field_3_2\">Mechanical construction<\/label><\/li><li class=\"choice-3 depth-1\"><input type=\"checkbox\" id=\"wpforms-13346-field_3_3\" name=\"wpforms[fields][3][]\" value=\"Eszk\u00f6szbeszerz\u00e9s\"  ><label class=\"wpforms-field-label-inline\" for=\"wpforms-13346-field_3_3\">Eszk\u00f6szbeszerz\u00e9s<\/label><\/li><li class=\"choice-4 depth-1\"><input type=\"checkbox\" id=\"wpforms-13346-field_3_4\" name=\"wpforms[fields][3][]\" value=\"Szerkezet \u00e9p\u00edt\u00e9s\"  ><label class=\"wpforms-field-label-inline\" for=\"wpforms-13346-field_3_4\">Szerkezet \u00e9p\u00edt\u00e9s<\/label><\/li><li class=\"choice-6 depth-1\"><input type=\"checkbox\" id=\"wpforms-13346-field_3_6\" name=\"wpforms[fields][3][]\" value=\"Gener\u00e1lkivitelez\u00e9s\"  ><label class=\"wpforms-field-label-inline\" for=\"wpforms-13346-field_3_6\">Gener\u00e1lkivitelez\u00e9s<\/label><\/li><li class=\"choice-5 depth-1\"><input type=\"checkbox\" id=\"wpforms-13346-field_3_5\" name=\"wpforms[fields][3][]\" value=\"Egy\u00e9b\"  ><label class=\"wpforms-field-label-inline\" for=\"wpforms-13346-field_3_5\">Egy\u00e9b<\/label><\/li><\/ul><\/div><div id=\"wpforms-13346-field_0-container\" class=\"wpforms-field wpforms-field-name\" data-field-id=\"0\"><label class=\"wpforms-field-label\" for=\"wpforms-13346-field_0\">Name <span class=\"wpforms-required-label\">*<\/span><\/label><input type=\"text\" id=\"wpforms-13346-field_0\" class=\"wpforms-field-medium wpforms-field-required\" name=\"wpforms[fields][0]\" required><\/div><div id=\"wpforms-13346-field_1-container\" class=\"wpforms-field wpforms-field-email\" data-field-id=\"1\"><label class=\"wpforms-field-label\" for=\"wpforms-13346-field_1\">E-mail <span class=\"wpforms-required-label\">*<\/span><\/label><input type=\"email\" id=\"wpforms-13346-field_1\" class=\"wpforms-field-medium wpforms-field-required\" name=\"wpforms[fields][1]\" spellcheck=\"false\" required><\/div><div id=\"wpforms-13346-field_11-container\" class=\"wpforms-field wpforms-field-text\" data-field-id=\"11\"><label class=\"wpforms-field-label\" for=\"wpforms-13346-field_11\">Phone number<\/label><input type=\"text\" id=\"wpforms-13346-field_11\" class=\"wpforms-field-medium\" name=\"wpforms[fields][11]\" ><\/div><div id=\"wpforms-13346-field_2-container\" class=\"wpforms-field wpforms-field-textarea\" data-field-id=\"2\"><label class=\"wpforms-field-label\" for=\"wpforms-13346-field_2\">Message<\/label><textarea id=\"wpforms-13346-field_2\" class=\"wpforms-field-medium\" name=\"wpforms[fields][2]\" ><\/textarea><\/div><div id=\"wpforms-13346-field_4-container\" class=\"wpforms-field wpforms-field-checkbox\" data-field-id=\"4\"><ul id=\"wpforms-13346-field_4\" class=\"wpforms-field-required\"><li class=\"choice-1 depth-1\"><input type=\"checkbox\" id=\"wpforms-13346-field_4_1\" name=\"wpforms[fields][4][]\" value=\" Elfogadom az adatv\u00e9delmi felt\u00e9teleit, \u00e9s hozz\u00e1j\u00e1rulok szem\u00e9lyes adataim ment\u00e9s\u00e9hez. \" required><label class=\"wpforms-field-label-inline\" for=\"wpforms-13346-field_4_1\"> I accept your privacy policy and consent to the saving of my personal data. <\/label><\/li><\/ul><div class=\"wpforms-field-description\"><a href=\"https:\/\/www.gazmodulweisz.hu\/en\/adatvedelmi-es-adatkezelesi-tajekoztato\/\" target=\"_blank\">Privacy and data management information<\/a><\/div><\/div><\/div><!-- .wpforms-field-container --><div class=\"wpforms-submit-container\" ><input type=\"hidden\" name=\"wpforms[id]\" value=\"13346\"><input type=\"hidden\" name=\"wpforms[author]\" value=\"1\"><button type=\"submit\" name=\"wpforms[submit]\" id=\"wpforms-submit-13346\" class=\"wpforms-submit green-btn\" data-alt-text=\"K\u00fcld\u00e9s...\" data-submit-text=\"K\u00fcld\u00e9s\" aria-live=\"assertive\" value=\"wpforms-submit\">Sending<\/button><\/div><input type=\"hidden\" name=\"trp-form-language\" value=\"en\"\/><\/form><\/div>  <!-- .wpforms-container -->\t\t\t\t<\/div>\n\t\t\t\t<\/div>\n\t\t\t\t\t<\/div>\n\t\t<\/div>\n\t\t\t\t\t<\/div>\n\t\t<\/section>\n\t\t\t\t<\/div>","protected":false},"excerpt":{"rendered":"<p>Aj\u00e1nlatk\u00e9r\u00e9s R\u00e9szletes aj\u00e1nlatk\u00e9r\u00e9shez k\u00e9rj\u00fck vegye fel vel\u00fcnk a kapcsolatot telefonon: +36&nbsp;(25) 508-128 Ha az \u0171rlapot k\u00edv\u00e1nja haszn\u00e1lni, k\u00e9rj\u00fck t\u00f6ltse ki min\u00e9l r\u00e9szletesebben a mez\u0151ket, ezzel megk\u00f6nny\u00edti a munk\u00e1nkat, gyorsabban \u00e9s pontosabban tudunk aj\u00e1nlatot kalkul\u00e1lni. Mivel kapcsolatban szeretne aj\u00e1nlatot k\u00e9rni? A *-al jel\u00f6lt mez\u0151k kit\u00f6lt\u00e9se k\u00f6telez\u0151.<\/p>","protected":false},"author":1,"featured_media":0,"parent":0,"menu_order":0,"comment_status":"closed","ping_status":"closed","template":"","meta":{"footnotes":""},"class_list":["post-13028","page","type-page","status-publish","hentry"],"yoast_head":"<!-- This site is optimized with the Yoast SEO plugin v21.6 - https:\/\/yoast.com\/wordpress\/plugins\/seo\/ -->\n<title>Aj\u00e1nlatk\u00e9r\u00e9s - G\u00e1zmodul Weisz Kft.<\/title>\n<meta name=\"robots\" content=\"index, follow, max-snippet:-1, max-image-preview:large, max-video-preview:-1\" \/>\n<link rel=\"canonical\" href=\"https:\/\/www.gazmodulweisz.hu\/en\/ajanlatkeres\/\" \/>\n<meta property=\"og:locale\" content=\"en_GB\" \/>\n<meta property=\"og:type\" content=\"article\" \/>\n<meta property=\"og:title\" content=\"Aj\u00e1nlatk\u00e9r\u00e9s - G\u00e1zmodul Weisz Kft.\" \/>\n<meta property=\"og:description\" content=\"Aj\u00e1nlatk\u00e9r\u00e9s R\u00e9szletes aj\u00e1nlatk\u00e9r\u00e9shez k\u00e9rj\u00fck vegye fel vel\u00fcnk a kapcsolatot telefonon: +36&nbsp;(25) 508-128 Ha az \u0171rlapot k\u00edv\u00e1nja haszn\u00e1lni, k\u00e9rj\u00fck t\u00f6ltse ki min\u00e9l r\u00e9szletesebben a mez\u0151ket, ezzel megk\u00f6nny\u00edti a munk\u00e1nkat, gyorsabban \u00e9s pontosabban tudunk aj\u00e1nlatot kalkul\u00e1lni. Mivel kapcsolatban szeretne aj\u00e1nlatot k\u00e9rni? A *-al jel\u00f6lt mez\u0151k kit\u00f6lt\u00e9se k\u00f6telez\u0151.\" \/>\n<meta property=\"og:url\" content=\"https:\/\/www.gazmodulweisz.hu\/en\/ajanlatkeres\/\" \/>\n<meta property=\"og:site_name\" content=\"G\u00e1zmodul Weisz Kft.\" \/>\n<meta property=\"article:modified_time\" content=\"2021-06-07T11:11:27+00:00\" \/>\n<meta name=\"twitter:card\" content=\"summary_large_image\" \/>\n<meta name=\"twitter:label1\" content=\"Estimated reading time\" \/>\n\t<meta name=\"twitter:data1\" content=\"1 minute\" \/>\n<script type=\"application\/ld+json\" class=\"yoast-schema-graph\">{\"@context\":\"https:\/\/schema.org\",\"@graph\":[{\"@type\":\"WebPage\",\"@id\":\"https:\/\/www.gazmodulweisz.hu\/ajanlatkeres\/\",\"url\":\"https:\/\/www.gazmodulweisz.hu\/ajanlatkeres\/\",\"name\":\"Aj\u00e1nlatk\u00e9r\u00e9s - G\u00e1zmodul Weisz Kft.\",\"isPartOf\":{\"@id\":\"https:\/\/www.gazmodulweisz.hu\/#website\"},\"datePublished\":\"2021-05-19T13:48:25+00:00\",\"dateModified\":\"2021-06-07T11:11:27+00:00\",\"breadcrumb\":{\"@id\":\"https:\/\/www.gazmodulweisz.hu\/ajanlatkeres\/#breadcrumb\"},\"inLanguage\":\"en-GB\",\"potentialAction\":[{\"@type\":\"ReadAction\",\"target\":[\"https:\/\/www.gazmodulweisz.hu\/ajanlatkeres\/\"]}]},{\"@type\":\"BreadcrumbList\",\"@id\":\"https:\/\/www.gazmodulweisz.hu\/ajanlatkeres\/#breadcrumb\",\"itemListElement\":[{\"@type\":\"ListItem\",\"position\":1,\"name\":\"Kezd\u0151lap\",\"item\":\"https:\/\/www.gazmodulweisz.hu\/\"},{\"@type\":\"ListItem\",\"position\":2,\"name\":\"Aj\u00e1nlatk\u00e9r\u00e9s\"}]},{\"@type\":\"WebSite\",\"@id\":\"https:\/\/www.gazmodulweisz.hu\/#website\",\"url\":\"https:\/\/www.gazmodulweisz.hu\/\",\"name\":\"G\u00e1zmodul Weisz Kft.\",\"description\":\"Professzion\u00e1lis kivitelez\u00e9s\",\"potentialAction\":[{\"@type\":\"SearchAction\",\"target\":{\"@type\":\"EntryPoint\",\"urlTemplate\":\"https:\/\/www.gazmodulweisz.hu\/?s={search_term_string}\"},\"query-input\":\"required name=search_term_string\"}],\"inLanguage\":\"en-GB\"}]}<\/script>\n<!-- \/ Yoast SEO plugin. -->","yoast_head_json":{"title":"Aj\u00e1nlatk\u00e9r\u00e9s - G\u00e1zmodul Weisz Kft.","robots":{"index":"index","follow":"follow","max-snippet":"max-snippet:-1","max-image-preview":"max-image-preview:large","max-video-preview":"max-video-preview:-1"},"canonical":"https:\/\/www.gazmodulweisz.hu\/en\/ajanlatkeres\/","og_locale":"en_GB","og_type":"article","og_title":"Aj\u00e1nlatk\u00e9r\u00e9s - G\u00e1zmodul Weisz Kft.","og_description":"Aj\u00e1nlatk\u00e9r\u00e9s R\u00e9szletes aj\u00e1nlatk\u00e9r\u00e9shez k\u00e9rj\u00fck vegye fel vel\u00fcnk a kapcsolatot telefonon: +36&nbsp;(25) 508-128 Ha az \u0171rlapot k\u00edv\u00e1nja haszn\u00e1lni, k\u00e9rj\u00fck t\u00f6ltse ki min\u00e9l r\u00e9szletesebben a mez\u0151ket, ezzel megk\u00f6nny\u00edti a munk\u00e1nkat, gyorsabban \u00e9s pontosabban tudunk aj\u00e1nlatot kalkul\u00e1lni. Mivel kapcsolatban szeretne aj\u00e1nlatot k\u00e9rni? A *-al jel\u00f6lt mez\u0151k kit\u00f6lt\u00e9se k\u00f6telez\u0151.","og_url":"https:\/\/www.gazmodulweisz.hu\/en\/ajanlatkeres\/","og_site_name":"G\u00e1zmodul Weisz Kft.","article_modified_time":"2021-06-07T11:11:27+00:00","twitter_card":"summary_large_image","twitter_misc":{"Estimated reading time":"1 minute"},"schema":{"@context":"https:\/\/schema.org","@graph":[{"@type":"WebPage","@id":"https:\/\/www.gazmodulweisz.hu\/ajanlatkeres\/","url":"https:\/\/www.gazmodulweisz.hu\/ajanlatkeres\/","name":"Aj\u00e1nlatk\u00e9r\u00e9s - G\u00e1zmodul Weisz Kft.","isPartOf":{"@id":"https:\/\/www.gazmodulweisz.hu\/#website"},"datePublished":"2021-05-19T13:48:25+00:00","dateModified":"2021-06-07T11:11:27+00:00","breadcrumb":{"@id":"https:\/\/www.gazmodulweisz.hu\/ajanlatkeres\/#breadcrumb"},"inLanguage":"en-GB","potentialAction":[{"@type":"ReadAction","target":["https:\/\/www.gazmodulweisz.hu\/ajanlatkeres\/"]}]},{"@type":"BreadcrumbList","@id":"https:\/\/www.gazmodulweisz.hu\/ajanlatkeres\/#breadcrumb","itemListElement":[{"@type":"ListItem","position":1,"name":"Kezd\u0151lap","item":"https:\/\/www.gazmodulweisz.hu\/"},{"@type":"ListItem","position":2,"name":"Aj\u00e1nlatk\u00e9r\u00e9s"}]},{"@type":"WebSite","@id":"https:\/\/www.gazmodulweisz.hu\/#website","url":"https:\/\/www.gazmodulweisz.hu\/","name":"G\u00e1zmodul Weisz Kft.","description":"Professzion\u00e1lis kivitelez\u00e9s","potentialAction":[{"@type":"SearchAction","target":{"@type":"EntryPoint","urlTemplate":"https:\/\/www.gazmodulweisz.hu\/?s={search_term_string}"},"query-input":"required name=search_term_string"}],"inLanguage":"en-GB"}]}},"_links":{"self":[{"href":"https:\/\/www.gazmodulweisz.hu\/en\/wp-json\/wp\/v2\/pages\/13028","targetHints":{"allow":["GET"]}}],"collection":[{"href":"https:\/\/www.gazmodulweisz.hu\/en\/wp-json\/wp\/v2\/pages"}],"about":[{"href":"https:\/\/www.gazmodulweisz.hu\/en\/wp-json\/wp\/v2\/types\/page"}],"author":[{"embeddable":true,"href":"https:\/\/www.gazmodulweisz.hu\/en\/wp-json\/wp\/v2\/users\/1"}],"replies":[{"embeddable":true,"href":"https:\/\/www.gazmodulweisz.hu\/en\/wp-json\/wp\/v2\/comments?post=13028"}],"version-history":[{"count":34,"href":"https:\/\/www.gazmodulweisz.hu\/en\/wp-json\/wp\/v2\/pages\/13028\/revisions"}],"predecessor-version":[{"id":13949,"href":"https:\/\/www.gazmodulweisz.hu\/en\/wp-json\/wp\/v2\/pages\/13028\/revisions\/13949"}],"wp:attachment":[{"href":"https:\/\/www.gazmodulweisz.hu\/en\/wp-json\/wp\/v2\/media?parent=13028"}],"curies":[{"name":"wp","href":"https:\/\/api.w.org\/{rel}","templated":true}]}}