{"id":13034,"date":"2021-05-19T13:49:37","date_gmt":"2021-05-19T13:49:37","guid":{"rendered":"http:\/\/gazmodulweiszwp.publictest.fejlesztokhaza.hu\/?page_id=13034"},"modified":"2021-06-10T15:11:43","modified_gmt":"2021-06-10T15:11:43","slug":"gyik","status":"publish","type":"page","link":"https:\/\/www.gazmodulweisz.hu\/en\/gyik\/","title":{"rendered":"FAQ"},"content":{"rendered":"<div data-elementor-type=\"wp-page\" data-elementor-id=\"13034\" class=\"elementor elementor-13034\">\n\t\t\t\t\t\t<section class=\"elementor-section elementor-top-section elementor-element elementor-element-b0b2acc elementor-section-boxed elementor-section-height-default elementor-section-height-default\" data-id=\"b0b2acc\" data-element_type=\"section\" data-e-type=\"section\">\n\t\t\t\t\t\t<div class=\"elementor-container elementor-column-gap-default\">\n\t\t\t\t\t<div class=\"elementor-column elementor-col-100 elementor-top-column elementor-element elementor-element-fe90035\" data-id=\"fe90035\" data-element_type=\"column\" data-e-type=\"column\">\n\t\t\t<div class=\"elementor-widget-wrap elementor-element-populated\">\n\t\t\t\t\t\t<div class=\"elementor-element elementor-element-6b4cde4 elementor-widget elementor-widget-toggle\" data-id=\"6b4cde4\" data-element_type=\"widget\" data-e-type=\"widget\" data-widget_type=\"toggle.default\">\n\t\t\t\t<div class=\"elementor-widget-container\">\n\t\t\t\t\t\t\t<div class=\"elementor-toggle\">\n\t\t\t\t\t\t\t<div class=\"elementor-toggle-item\">\n\t\t\t\t\t<div id=\"elementor-tab-title-1121\" class=\"elementor-tab-title\" data-tab=\"1\" role=\"button\" aria-controls=\"elementor-tab-content-1121\" aria-expanded=\"false\">\n\t\t\t\t\t\t\t\t\t\t\t\t<span class=\"elementor-toggle-icon elementor-toggle-icon-left\" aria-hidden=\"true\">\n\t\t\t\t\t\t\t\t\t\t\t\t\t\t\t<span class=\"elementor-toggle-icon-closed\"><i class=\"fas fa-caret-right\"><\/i><\/span>\n\t\t\t\t\t\t\t\t<span class=\"elementor-toggle-icon-opened\"><i class=\"elementor-toggle-icon-opened fas fa-caret-up\"><\/i><\/span>\n\t\t\t\t\t\t\t\t\t\t\t\t\t<\/span>\n\t\t\t\t\t\t\t\t\t\t\t\t<a class=\"elementor-toggle-title\" tabindex=\"0\">Zuhanykabin m\u00f6g\u00f6tt kell szigetelni a falat?<\/a>\n\t\t\t\t\t<\/div>\n\n\t\t\t\t\t<div id=\"elementor-tab-content-1121\" class=\"elementor-tab-content elementor-clearfix\" data-tab=\"1\" role=\"region\" aria-labelledby=\"elementor-tab-title-1121\"><p>Igen. Minden esetben aj\u00e1nlott, ha nincs szigetelve akkor folyamatosan \u00e1zik a fal, \u00e9s a fuga k\u00f6z\u00f6tt befolyik a v\u00edz.<\/p><\/div>\n\t\t\t\t<\/div>\n\t\t\t\t\t\t\t<div class=\"elementor-toggle-item\">\n\t\t\t\t\t<div id=\"elementor-tab-title-1122\" class=\"elementor-tab-title\" data-tab=\"2\" role=\"button\" aria-controls=\"elementor-tab-content-1122\" aria-expanded=\"false\">\n\t\t\t\t\t\t\t\t\t\t\t\t<span class=\"elementor-toggle-icon elementor-toggle-icon-left\" aria-hidden=\"true\">\n\t\t\t\t\t\t\t\t\t\t\t\t\t\t\t<span class=\"elementor-toggle-icon-closed\"><i class=\"fas fa-caret-right\"><\/i><\/span>\n\t\t\t\t\t\t\t\t<span class=\"elementor-toggle-icon-opened\"><i class=\"elementor-toggle-icon-opened fas fa-caret-up\"><\/i><\/span>\n\t\t\t\t\t\t\t\t\t\t\t\t\t<\/span>\n\t\t\t\t\t\t\t\t\t\t\t\t<a class=\"elementor-toggle-title\" tabindex=\"0\">Mit jelent a kop\u00e1s\u00e1ll\u00f3s\u00e1g?<\/a>\n\t\t\t\t\t<\/div>\n\n\t\t\t\t\t<div id=\"elementor-tab-content-1122\" class=\"elementor-tab-content elementor-clearfix\" data-tab=\"2\" role=\"region\" aria-labelledby=\"elementor-tab-title-1122\"><p>Ez a tulajdons\u00e1g az adott burkol\u00f3lap koptat\u00f3 hat\u00e1sokkal szembeni ellen\u00e1ll\u00f3 k\u00e9pess\u00e9g\u00e9t jellemzi. A padl\u00f3burkol\u00f3 lapjait 3-5 kop\u00e1si oszt\u00e1lyokba sorolj\u00e1k. Az 5-\u00f6s kop\u00e1s\u00e1ll\u00f3s\u00e1g\u00fa a legjobb,<\/p><\/div>\n\t\t\t\t<\/div>\n\t\t\t\t\t\t\t<div class=\"elementor-toggle-item\">\n\t\t\t\t\t<div id=\"elementor-tab-title-1123\" class=\"elementor-tab-title\" data-tab=\"3\" role=\"button\" aria-controls=\"elementor-tab-content-1123\" aria-expanded=\"false\">\n\t\t\t\t\t\t\t\t\t\t\t\t<span class=\"elementor-toggle-icon elementor-toggle-icon-left\" aria-hidden=\"true\">\n\t\t\t\t\t\t\t\t\t\t\t\t\t\t\t<span class=\"elementor-toggle-icon-closed\"><i class=\"fas fa-caret-right\"><\/i><\/span>\n\t\t\t\t\t\t\t\t<span class=\"elementor-toggle-icon-opened\"><i class=\"elementor-toggle-icon-opened fas fa-caret-up\"><\/i><\/span>\n\t\t\t\t\t\t\t\t\t\t\t\t\t<\/span>\n\t\t\t\t\t\t\t\t\t\t\t\t<a class=\"elementor-toggle-title\" tabindex=\"0\">A padl\u00f3lapot tehetem a falra?<\/a>\n\t\t\t\t\t<\/div>\n\n\t\t\t\t\t<div id=\"elementor-tab-content-1123\" class=\"elementor-tab-content elementor-clearfix\" data-tab=\"3\" role=\"region\" aria-labelledby=\"elementor-tab-title-1123\"><p>Igen. Csak esetleg a konnektorok \u00e9s egy\u00e9b szerelv\u00e9nyek hely\u00e9t nehezebb kicsit kif\u00farni, mert a padl\u00f3lapok er\u0151sebb anyag\u00faak. Fali csemp\u00e9t viszont nem lehet a padl\u00f3ra tenni!<\/p><\/div>\n\t\t\t\t<\/div>\n\t\t\t\t\t\t\t<div class=\"elementor-toggle-item\">\n\t\t\t\t\t<div id=\"elementor-tab-title-1124\" class=\"elementor-tab-title\" data-tab=\"4\" role=\"button\" aria-controls=\"elementor-tab-content-1124\" aria-expanded=\"false\">\n\t\t\t\t\t\t\t\t\t\t\t\t<span class=\"elementor-toggle-icon elementor-toggle-icon-left\" aria-hidden=\"true\">\n\t\t\t\t\t\t\t\t\t\t\t\t\t\t\t<span class=\"elementor-toggle-icon-closed\"><i class=\"fas fa-caret-right\"><\/i><\/span>\n\t\t\t\t\t\t\t\t<span class=\"elementor-toggle-icon-opened\"><i class=\"elementor-toggle-icon-opened fas fa-caret-up\"><\/i><\/span>\n\t\t\t\t\t\t\t\t\t\t\t\t\t<\/span>\n\t\t\t\t\t\t\t\t\t\t\t\t<a class=\"elementor-toggle-title\" tabindex=\"0\">Padl\u00f3f\u0171t\u00e9sn\u00e9l mire vigy\u00e1zzak?<\/a>\n\t\t\t\t\t<\/div>\n\n\t\t\t\t\t<div id=\"elementor-tab-content-1124\" class=\"elementor-tab-content elementor-clearfix\" data-tab=\"4\" role=\"region\" aria-labelledby=\"elementor-tab-title-1124\"><p>Minden esetben flexibilis ragaszt\u00f3val kell dolgozni, mert ez b\u00edrja a h\u0151m\u00e9rs\u00e9klet ingadoz\u00e1st.<\/p><\/div>\n\t\t\t\t<\/div>\n\t\t\t\t\t\t\t<div class=\"elementor-toggle-item\">\n\t\t\t\t\t<div id=\"elementor-tab-title-1125\" class=\"elementor-tab-title\" data-tab=\"5\" role=\"button\" aria-controls=\"elementor-tab-content-1125\" aria-expanded=\"false\">\n\t\t\t\t\t\t\t\t\t\t\t\t<span class=\"elementor-toggle-icon elementor-toggle-icon-left\" aria-hidden=\"true\">\n\t\t\t\t\t\t\t\t\t\t\t\t\t\t\t<span class=\"elementor-toggle-icon-closed\"><i class=\"fas fa-caret-right\"><\/i><\/span>\n\t\t\t\t\t\t\t\t<span class=\"elementor-toggle-icon-opened\"><i class=\"elementor-toggle-icon-opened fas fa-caret-up\"><\/i><\/span>\n\t\t\t\t\t\t\t\t\t\t\t\t\t<\/span>\n\t\t\t\t\t\t\t\t\t\t\t\t<a class=\"elementor-toggle-title\" tabindex=\"0\">Mit jelent a sz\u00edn\u00e1rnyalatelt\u00e9r\u00e9s?<\/a>\n\t\t\t\t\t<\/div>\n\n\t\t\t\t\t<div id=\"elementor-tab-content-1125\" class=\"elementor-tab-content elementor-clearfix\" data-tab=\"5\" role=\"region\" aria-labelledby=\"elementor-tab-title-1125\"><p>Egy meghat\u00e1rozott mennyis\u00e9g\u0171 burkolat gy\u00e1rt\u00e1s\u00e1n\u00e1l azonos sz\u00ednkalibr\u00e1ci\u00f3 van. P\u00f3trendel\u00e9s eset\u00e9n ezt nem tudjuk biztos\u00edtani, mivel m\u00e1s gy\u00e1rt\u00e1sb\u00f3l van.<\/p><\/div>\n\t\t\t\t<\/div>\n\t\t\t\t\t\t\t<div class=\"elementor-toggle-item\">\n\t\t\t\t\t<div id=\"elementor-tab-title-1126\" class=\"elementor-tab-title\" data-tab=\"6\" role=\"button\" aria-controls=\"elementor-tab-content-1126\" aria-expanded=\"false\">\n\t\t\t\t\t\t\t\t\t\t\t\t<span class=\"elementor-toggle-icon elementor-toggle-icon-left\" aria-hidden=\"true\">\n\t\t\t\t\t\t\t\t\t\t\t\t\t\t\t<span class=\"elementor-toggle-icon-closed\"><i class=\"fas fa-caret-right\"><\/i><\/span>\n\t\t\t\t\t\t\t\t<span class=\"elementor-toggle-icon-opened\"><i class=\"elementor-toggle-icon-opened fas fa-caret-up\"><\/i><\/span>\n\t\t\t\t\t\t\t\t\t\t\t\t\t<\/span>\n\t\t\t\t\t\t\t\t\t\t\t\t<a class=\"elementor-toggle-title\" tabindex=\"0\">Mennyi v\u00e1g\u00e1si vesztes\u00e9get kell r\u00e1sz\u00e1molni rendel\u00e9s eset\u00e9n?<\/a>\n\t\t\t\t\t<\/div>\n\n\t\t\t\t\t<div id=\"elementor-tab-content-1126\" class=\"elementor-tab-content elementor-clearfix\" data-tab=\"6\" role=\"region\" aria-labelledby=\"elementor-tab-title-1126\"><p>A sima burkol\u00e1sn\u00e1l +10% v\u00e1g\u00e1si vesztes\u00e9get kell r\u00e1sz\u00e1molni, ha diagon\u00e1l form\u00e1ban burkolnak akkor +15%-ot.<\/p><\/div>\n\t\t\t\t<\/div>\n\t\t\t\t\t\t\t<div class=\"elementor-toggle-item\">\n\t\t\t\t\t<div id=\"elementor-tab-title-1127\" class=\"elementor-tab-title\" data-tab=\"7\" role=\"button\" aria-controls=\"elementor-tab-content-1127\" aria-expanded=\"false\">\n\t\t\t\t\t\t\t\t\t\t\t\t<span class=\"elementor-toggle-icon elementor-toggle-icon-left\" aria-hidden=\"true\">\n\t\t\t\t\t\t\t\t\t\t\t\t\t\t\t<span class=\"elementor-toggle-icon-closed\"><i class=\"fas fa-caret-right\"><\/i><\/span>\n\t\t\t\t\t\t\t\t<span class=\"elementor-toggle-icon-opened\"><i class=\"elementor-toggle-icon-opened fas fa-caret-up\"><\/i><\/span>\n\t\t\t\t\t\t\t\t\t\t\t\t\t<\/span>\n\t\t\t\t\t\t\t\t\t\t\t\t<a class=\"elementor-toggle-title\" tabindex=\"0\">T\u00f6r\u00f6tt burkolat eset\u00e9n mi a teend\u0151m?<\/a>\n\t\t\t\t\t<\/div>\n\n\t\t\t\t\t<div id=\"elementor-tab-content-1127\" class=\"elementor-tab-content elementor-clearfix\" data-tab=\"7\" role=\"region\" aria-labelledby=\"elementor-tab-title-1127\"><p>Minden esetben a t\u00f6r\u00f6tt burkolatr\u00f3l f\u00e9nyk\u00e9pet kell k\u00e9sz\u00edteni, amit e-mailben kell r\u00e9sz\u00fcnkre tov\u00e1bb\u00edtani. A rakt\u00e1ron l\u00e9v\u0151 burkolatot r\u00f6gt\u00f6n tudjuk cser\u00e9lni, A megrendelt burkolat eset\u00e9ben a gy\u00e1rt\u00f3 fel\u00e9 \u00fczlet\u00fcnk tov\u00e1bb\u00edtja a reklam\u00e1ci\u00f3t, pozit\u00edv elb\u00edr\u00e1l\u00e1s est\u00e9n k\u00fcldik a burkolatot.<\/p><\/div>\n\t\t\t\t<\/div>\n\t\t\t\t\t\t\t<div class=\"elementor-toggle-item\">\n\t\t\t\t\t<div id=\"elementor-tab-title-1128\" class=\"elementor-tab-title\" data-tab=\"8\" role=\"button\" aria-controls=\"elementor-tab-content-1128\" aria-expanded=\"false\">\n\t\t\t\t\t\t\t\t\t\t\t\t<span class=\"elementor-toggle-icon elementor-toggle-icon-left\" aria-hidden=\"true\">\n\t\t\t\t\t\t\t\t\t\t\t\t\t\t\t<span class=\"elementor-toggle-icon-closed\"><i class=\"fas fa-caret-right\"><\/i><\/span>\n\t\t\t\t\t\t\t\t<span class=\"elementor-toggle-icon-opened\"><i class=\"elementor-toggle-icon-opened fas fa-caret-up\"><\/i><\/span>\n\t\t\t\t\t\t\t\t\t\t\t\t\t<\/span>\n\t\t\t\t\t\t\t\t\t\t\t\t<a class=\"elementor-toggle-title\" tabindex=\"0\">Van rakt\u00e1rk\u00e9szleten fali csempe \u00e9s padl\u00f3lap?<\/a>\n\t\t\t\t\t<\/div>\n\n\t\t\t\t\t<div id=\"elementor-tab-content-1128\" class=\"elementor-tab-content elementor-clearfix\" data-tab=\"8\" role=\"region\" aria-labelledby=\"elementor-tab-title-1128\"><p>Igen, fali csempe \u00e9s padl\u00f3lap is, t\u00f6bb m\u00e9retben \u00e9s sz\u00ednben.<\/p><\/div>\n\t\t\t\t<\/div>\n\t\t\t\t\t\t\t\t<\/div>\n\t\t\t\t\t\t<\/div>\n\t\t\t\t<\/div>\n\t\t\t\t\t<\/div>\n\t\t<\/div>\n\t\t\t\t\t<\/div>\n\t\t<\/section>\n\t\t\t\t<\/div>","protected":false},"excerpt":{"rendered":"<p>Zuhanykabin m\u00f6g\u00f6tt kell szigetelni a falat? Igen. Minden esetben aj\u00e1nlott, ha nincs szigetelve akkor folyamatosan \u00e1zik a fal, \u00e9s a fuga k\u00f6z\u00f6tt befolyik a v\u00edz. Mit jelent a kop\u00e1s\u00e1ll\u00f3s\u00e1g? Ez a tulajdons\u00e1g az adott burkol\u00f3lap koptat\u00f3 hat\u00e1sokkal szembeni ellen\u00e1ll\u00f3 k\u00e9pess\u00e9g\u00e9t jellemzi. A padl\u00f3burkol\u00f3 lapjait 3-5 kop\u00e1si oszt\u00e1lyokba sorolj\u00e1k. Az 5-\u00f6s kop\u00e1s\u00e1ll\u00f3s\u00e1g\u00fa a legjobb, A padl\u00f3lapot&#8230;<\/p>","protected":false},"author":1,"featured_media":0,"parent":0,"menu_order":0,"comment_status":"closed","ping_status":"closed","template":"","meta":{"footnotes":""},"class_list":["post-13034","page","type-page","status-publish","hentry"],"yoast_head":"<!-- This site is optimized with the Yoast SEO plugin v21.6 - https:\/\/yoast.com\/wordpress\/plugins\/seo\/ -->\n<title>GYIK - G\u00e1zmodul Weisz Kft.<\/title>\n<meta name=\"robots\" content=\"index, follow, max-snippet:-1, max-image-preview:large, max-video-preview:-1\" \/>\n<link rel=\"canonical\" href=\"http:\/\/www.gazmodulweisz.hu\/en\/gyik\/\" \/>\n<meta property=\"og:locale\" content=\"en_GB\" \/>\n<meta property=\"og:type\" content=\"article\" \/>\n<meta property=\"og:title\" content=\"GYIK - G\u00e1zmodul Weisz Kft.\" \/>\n<meta property=\"og:description\" content=\"Zuhanykabin m\u00f6g\u00f6tt kell szigetelni a falat? Igen. Minden esetben aj\u00e1nlott, ha nincs szigetelve akkor folyamatosan \u00e1zik a fal, \u00e9s a fuga k\u00f6z\u00f6tt befolyik a v\u00edz. Mit jelent a kop\u00e1s\u00e1ll\u00f3s\u00e1g? Ez a tulajdons\u00e1g az adott burkol\u00f3lap koptat\u00f3 hat\u00e1sokkal szembeni ellen\u00e1ll\u00f3 k\u00e9pess\u00e9g\u00e9t jellemzi. A padl\u00f3burkol\u00f3 lapjait 3-5 kop\u00e1si oszt\u00e1lyokba sorolj\u00e1k. Az 5-\u00f6s kop\u00e1s\u00e1ll\u00f3s\u00e1g\u00fa a legjobb, A padl\u00f3lapot...\" \/>\n<meta property=\"og:url\" content=\"http:\/\/www.gazmodulweisz.hu\/en\/gyik\/\" \/>\n<meta property=\"og:site_name\" content=\"G\u00e1zmodul Weisz Kft.\" \/>\n<meta property=\"article:modified_time\" content=\"2021-06-10T15:11:43+00:00\" \/>\n<meta name=\"twitter:card\" content=\"summary_large_image\" \/>\n<meta name=\"twitter:label1\" content=\"Estimated reading time\" \/>\n\t<meta name=\"twitter:data1\" content=\"1 minute\" \/>\n<script type=\"application\/ld+json\" class=\"yoast-schema-graph\">{\"@context\":\"https:\/\/schema.org\",\"@graph\":[{\"@type\":\"WebPage\",\"@id\":\"http:\/\/www.gazmodulweisz.hu\/en\/gyik\/\",\"url\":\"http:\/\/www.gazmodulweisz.hu\/en\/gyik\/\",\"name\":\"GYIK - G\u00e1zmodul Weisz Kft.\",\"isPartOf\":{\"@id\":\"https:\/\/www.gazmodulweisz.hu\/#website\"},\"datePublished\":\"2021-05-19T13:49:37+00:00\",\"dateModified\":\"2021-06-10T15:11:43+00:00\",\"breadcrumb\":{\"@id\":\"http:\/\/www.gazmodulweisz.hu\/en\/gyik\/#breadcrumb\"},\"inLanguage\":\"en-GB\",\"potentialAction\":[{\"@type\":\"ReadAction\",\"target\":[\"http:\/\/www.gazmodulweisz.hu\/en\/gyik\/\"]}]},{\"@type\":\"BreadcrumbList\",\"@id\":\"http:\/\/www.gazmodulweisz.hu\/en\/gyik\/#breadcrumb\",\"itemListElement\":[{\"@type\":\"ListItem\",\"position\":1,\"name\":\"Kezd\u0151lap\",\"item\":\"https:\/\/www.gazmodulweisz.hu\/\"},{\"@type\":\"ListItem\",\"position\":2,\"name\":\"GYIK\"}]},{\"@type\":\"WebSite\",\"@id\":\"https:\/\/www.gazmodulweisz.hu\/#website\",\"url\":\"https:\/\/www.gazmodulweisz.hu\/\",\"name\":\"G\u00e1zmodul Weisz Kft.\",\"description\":\"Professzion\u00e1lis kivitelez\u00e9s\",\"potentialAction\":[{\"@type\":\"SearchAction\",\"target\":{\"@type\":\"EntryPoint\",\"urlTemplate\":\"https:\/\/www.gazmodulweisz.hu\/?s={search_term_string}\"},\"query-input\":\"required name=search_term_string\"}],\"inLanguage\":\"en-GB\"}]}<\/script>\n<!-- \/ Yoast SEO plugin. -->","yoast_head_json":{"title":"GYIK - G\u00e1zmodul Weisz Kft.","robots":{"index":"index","follow":"follow","max-snippet":"max-snippet:-1","max-image-preview":"max-image-preview:large","max-video-preview":"max-video-preview:-1"},"canonical":"http:\/\/www.gazmodulweisz.hu\/en\/gyik\/","og_locale":"en_GB","og_type":"article","og_title":"GYIK - G\u00e1zmodul Weisz Kft.","og_description":"Zuhanykabin m\u00f6g\u00f6tt kell szigetelni a falat? Igen. Minden esetben aj\u00e1nlott, ha nincs szigetelve akkor folyamatosan \u00e1zik a fal, \u00e9s a fuga k\u00f6z\u00f6tt befolyik a v\u00edz. Mit jelent a kop\u00e1s\u00e1ll\u00f3s\u00e1g? Ez a tulajdons\u00e1g az adott burkol\u00f3lap koptat\u00f3 hat\u00e1sokkal szembeni ellen\u00e1ll\u00f3 k\u00e9pess\u00e9g\u00e9t jellemzi. A padl\u00f3burkol\u00f3 lapjait 3-5 kop\u00e1si oszt\u00e1lyokba sorolj\u00e1k. Az 5-\u00f6s kop\u00e1s\u00e1ll\u00f3s\u00e1g\u00fa a legjobb, A padl\u00f3lapot...","og_url":"http:\/\/www.gazmodulweisz.hu\/en\/gyik\/","og_site_name":"G\u00e1zmodul Weisz Kft.","article_modified_time":"2021-06-10T15:11:43+00:00","twitter_card":"summary_large_image","twitter_misc":{"Estimated reading time":"1 minute"},"schema":{"@context":"https:\/\/schema.org","@graph":[{"@type":"WebPage","@id":"http:\/\/www.gazmodulweisz.hu\/en\/gyik\/","url":"http:\/\/www.gazmodulweisz.hu\/en\/gyik\/","name":"GYIK - G\u00e1zmodul Weisz Kft.","isPartOf":{"@id":"https:\/\/www.gazmodulweisz.hu\/#website"},"datePublished":"2021-05-19T13:49:37+00:00","dateModified":"2021-06-10T15:11:43+00:00","breadcrumb":{"@id":"http:\/\/www.gazmodulweisz.hu\/en\/gyik\/#breadcrumb"},"inLanguage":"en-GB","potentialAction":[{"@type":"ReadAction","target":["http:\/\/www.gazmodulweisz.hu\/en\/gyik\/"]}]},{"@type":"BreadcrumbList","@id":"http:\/\/www.gazmodulweisz.hu\/en\/gyik\/#breadcrumb","itemListElement":[{"@type":"ListItem","position":1,"name":"Kezd\u0151lap","item":"https:\/\/www.gazmodulweisz.hu\/"},{"@type":"ListItem","position":2,"name":"GYIK"}]},{"@type":"WebSite","@id":"https:\/\/www.gazmodulweisz.hu\/#website","url":"https:\/\/www.gazmodulweisz.hu\/","name":"G\u00e1zmodul Weisz Kft.","description":"Professzion\u00e1lis kivitelez\u00e9s","potentialAction":[{"@type":"SearchAction","target":{"@type":"EntryPoint","urlTemplate":"https:\/\/www.gazmodulweisz.hu\/?s={search_term_string}"},"query-input":"required name=search_term_string"}],"inLanguage":"en-GB"}]}},"_links":{"self":[{"href":"https:\/\/www.gazmodulweisz.hu\/en\/wp-json\/wp\/v2\/pages\/13034","targetHints":{"allow":["GET"]}}],"collection":[{"href":"https:\/\/www.gazmodulweisz.hu\/en\/wp-json\/wp\/v2\/pages"}],"about":[{"href":"https:\/\/www.gazmodulweisz.hu\/en\/wp-json\/wp\/v2\/types\/page"}],"author":[{"embeddable":true,"href":"https:\/\/www.gazmodulweisz.hu\/en\/wp-json\/wp\/v2\/users\/1"}],"replies":[{"embeddable":true,"href":"https:\/\/www.gazmodulweisz.hu\/en\/wp-json\/wp\/v2\/comments?post=13034"}],"version-history":[{"count":11,"href":"https:\/\/www.gazmodulweisz.hu\/en\/wp-json\/wp\/v2\/pages\/13034\/revisions"}],"predecessor-version":[{"id":14067,"href":"https:\/\/www.gazmodulweisz.hu\/en\/wp-json\/wp\/v2\/pages\/13034\/revisions\/14067"}],"wp:attachment":[{"href":"https:\/\/www.gazmodulweisz.hu\/en\/wp-json\/wp\/v2\/media?parent=13034"}],"curies":[{"name":"wp","href":"https:\/\/api.w.org\/{rel}","templated":true}]}}