{"id":13038,"date":"2021-05-19T13:52:16","date_gmt":"2021-05-19T13:52:16","guid":{"rendered":"http:\/\/gazmodulweiszwp.publictest.fejlesztokhaza.hu\/?page_id=13038"},"modified":"2021-06-11T15:08:19","modified_gmt":"2021-06-11T15:08:19","slug":"impresszum","status":"publish","type":"page","link":"https:\/\/www.gazmodulweisz.hu\/en\/impresszum\/","title":{"rendered":"Imprint"},"content":{"rendered":"<div data-elementor-type=\"wp-page\" data-elementor-id=\"13038\" class=\"elementor elementor-13038\">\n\t\t\t\t\t\t<section class=\"elementor-section elementor-top-section elementor-element elementor-element-c1abae5 elementor-section-boxed elementor-section-height-default elementor-section-height-default\" data-id=\"c1abae5\" data-element_type=\"section\" data-e-type=\"section\">\n\t\t\t\t\t\t<div class=\"elementor-container elementor-column-gap-default\">\n\t\t\t\t\t<div class=\"elementor-column elementor-col-100 elementor-top-column elementor-element elementor-element-9097e7c\" data-id=\"9097e7c\" data-element_type=\"column\" data-e-type=\"column\">\n\t\t\t<div class=\"elementor-widget-wrap elementor-element-populated\">\n\t\t\t\t\t\t<div class=\"elementor-element elementor-element-49603ee elementor-widget elementor-widget-heading\" data-id=\"49603ee\" data-element_type=\"widget\" data-e-type=\"widget\" data-widget_type=\"heading.default\">\n\t\t\t\t<div class=\"elementor-widget-container\">\n\t\t\t\t\t<h3 class=\"elementor-heading-title elementor-size-default\">G\u00e1zmodul-Weisz Kft.<\/h3>\t\t\t\t<\/div>\n\t\t\t\t<\/div>\n\t\t\t\t<div class=\"elementor-element elementor-element-38da0ad elementor-widget elementor-widget-text-editor\" data-id=\"38da0ad\" data-element_type=\"widget\" data-e-type=\"widget\" data-widget_type=\"text-editor.default\">\n\t\t\t\t<div class=\"elementor-widget-container\">\n\t\t\t\t\t\t\t\t\t<p><strong><br \/>C\u00edm:<\/strong> 7000 S\u00e1rbog\u00e1rd Ady Endre \u00fat 215.<br \/><strong>Telefon:<\/strong> 06-25\/462-569<br \/><strong>E-mail:<\/strong> <a href=\"mailto:info@gazmodulweisz.hu\">info@gazmodulweisz.hu<\/a><br \/><strong>Internet:<\/strong> <a href=\"https:\/\/www.gazmodulweisz.hu\/en\/\">gazmodulweisz.hu<\/a><br \/><strong>C\u00e9gjegyz\u00e9ksz\u00e1m:<\/strong> 07-09-005200<br \/><strong>Ad\u00f3sz\u00e1m:<\/strong> 11457035-2-07<br \/><strong>Hat\u00f3s\u00e1gi enged\u00e9ly:<\/strong> 2-7241\/2003<br \/><strong>Nyilv\u00e1ntart\u00e1si sz\u00e1m:<\/strong> 506\/2003<\/p><p><strong>A c\u00e9get bejegyz\u0151 hat\u00f3s\u00e1g: <\/strong>Sz\u00e9kesfeh\u00e9rv\u00e1ri T\u00f6rv\u00e9nysz\u00e9k C\u00e9gb\u00edr\u00f3s\u00e1ga<br \/><strong>Kamara:<\/strong> Magyar Kereskedelmi Iparkamara<br \/><strong>Kamarai regisztr\u00e1ci\u00f3:<\/strong> 34A26614<br \/><strong>T\u00e1rhelyszolg\u00e1ltat\u00f3: <\/strong>Fejleszt\u0151k H\u00e1za Kft. (1142 Budapest, Sz\u0151nyi \u00fat 50\/a , info@fejlesztokhaza.hu)<\/p>\t\t\t\t\t\t\t\t<\/div>\n\t\t\t\t<\/div>\n\t\t\t\t\t<\/div>\n\t\t<\/div>\n\t\t\t\t\t<\/div>\n\t\t<\/section>\n\t\t\t\t<\/div>","protected":false},"excerpt":{"rendered":"<p>G\u00e1zmodul-Weisz Kft. C\u00edm: 7000 S\u00e1rbog\u00e1rd Ady Endre \u00fat 215.Telefon: 06-25\/462-569E-mail: info@gazmodulweisz.huInternet: gazmodulweisz.huC\u00e9gjegyz\u00e9ksz\u00e1m: 07-09-005200Ad\u00f3sz\u00e1m: 11457035-2-07Hat\u00f3s\u00e1gi enged\u00e9ly: 2-7241\/2003Nyilv\u00e1ntart\u00e1si sz\u00e1m: 506\/2003 A c\u00e9get bejegyz\u0151 hat\u00f3s\u00e1g: Sz\u00e9kesfeh\u00e9rv\u00e1ri T\u00f6rv\u00e9nysz\u00e9k C\u00e9gb\u00edr\u00f3s\u00e1gaKamara: Magyar Kereskedelmi IparkamaraKamarai regisztr\u00e1ci\u00f3: 34A26614T\u00e1rhelyszolg\u00e1ltat\u00f3: Fejleszt\u0151k H\u00e1za Kft. (1142 Budapest, Sz\u0151nyi \u00fat 50\/a , info@fejlesztokhaza.hu)<\/p>","protected":false},"author":1,"featured_media":0,"parent":0,"menu_order":0,"comment_status":"closed","ping_status":"closed","template":"","meta":{"footnotes":""},"class_list":["post-13038","page","type-page","status-publish","hentry"],"yoast_head":"<!-- This site is optimized with the Yoast SEO plugin v21.6 - https:\/\/yoast.com\/wordpress\/plugins\/seo\/ -->\n<title>Impresszum - G\u00e1zmodul Weisz Kft.<\/title>\n<meta name=\"robots\" content=\"index, follow, max-snippet:-1, max-image-preview:large, max-video-preview:-1\" \/>\n<link rel=\"canonical\" href=\"http:\/\/www.gazmodulweisz.hu\/en\/impresszum\/\" \/>\n<meta property=\"og:locale\" content=\"en_GB\" \/>\n<meta property=\"og:type\" content=\"article\" \/>\n<meta property=\"og:title\" content=\"Impresszum - G\u00e1zmodul Weisz Kft.\" \/>\n<meta property=\"og:description\" content=\"G\u00e1zmodul-Weisz Kft. C\u00edm: 7000 S\u00e1rbog\u00e1rd Ady Endre \u00fat 215.Telefon: 06-25\/462-569E-mail: info@gazmodulweisz.huInternet: gazmodulweisz.huC\u00e9gjegyz\u00e9ksz\u00e1m: 07-09-005200Ad\u00f3sz\u00e1m: 11457035-2-07Hat\u00f3s\u00e1gi enged\u00e9ly: 2-7241\/2003Nyilv\u00e1ntart\u00e1si sz\u00e1m: 506\/2003 A c\u00e9get bejegyz\u0151 hat\u00f3s\u00e1g: Sz\u00e9kesfeh\u00e9rv\u00e1ri T\u00f6rv\u00e9nysz\u00e9k C\u00e9gb\u00edr\u00f3s\u00e1gaKamara: Magyar Kereskedelmi IparkamaraKamarai regisztr\u00e1ci\u00f3: 34A26614T\u00e1rhelyszolg\u00e1ltat\u00f3: Fejleszt\u0151k H\u00e1za Kft. (1142 Budapest, Sz\u0151nyi \u00fat 50\/a , info@fejlesztokhaza.hu)\" \/>\n<meta property=\"og:url\" content=\"http:\/\/www.gazmodulweisz.hu\/en\/impresszum\/\" \/>\n<meta property=\"og:site_name\" content=\"G\u00e1zmodul Weisz Kft.\" \/>\n<meta property=\"article:modified_time\" content=\"2021-06-11T15:08:19+00:00\" \/>\n<meta name=\"twitter:card\" content=\"summary_large_image\" \/>\n<meta name=\"twitter:label1\" content=\"Estimated reading time\" \/>\n\t<meta name=\"twitter:data1\" content=\"1 minute\" \/>\n<script type=\"application\/ld+json\" class=\"yoast-schema-graph\">{\"@context\":\"https:\/\/schema.org\",\"@graph\":[{\"@type\":\"WebPage\",\"@id\":\"http:\/\/www.gazmodulweisz.hu\/en\/impresszum\/\",\"url\":\"http:\/\/www.gazmodulweisz.hu\/en\/impresszum\/\",\"name\":\"Impresszum - G\u00e1zmodul Weisz Kft.\",\"isPartOf\":{\"@id\":\"https:\/\/www.gazmodulweisz.hu\/#website\"},\"datePublished\":\"2021-05-19T13:52:16+00:00\",\"dateModified\":\"2021-06-11T15:08:19+00:00\",\"breadcrumb\":{\"@id\":\"http:\/\/www.gazmodulweisz.hu\/en\/impresszum\/#breadcrumb\"},\"inLanguage\":\"en-GB\",\"potentialAction\":[{\"@type\":\"ReadAction\",\"target\":[\"http:\/\/www.gazmodulweisz.hu\/en\/impresszum\/\"]}]},{\"@type\":\"BreadcrumbList\",\"@id\":\"http:\/\/www.gazmodulweisz.hu\/en\/impresszum\/#breadcrumb\",\"itemListElement\":[{\"@type\":\"ListItem\",\"position\":1,\"name\":\"Kezd\u0151lap\",\"item\":\"https:\/\/www.gazmodulweisz.hu\/\"},{\"@type\":\"ListItem\",\"position\":2,\"name\":\"Impresszum\"}]},{\"@type\":\"WebSite\",\"@id\":\"https:\/\/www.gazmodulweisz.hu\/#website\",\"url\":\"https:\/\/www.gazmodulweisz.hu\/\",\"name\":\"G\u00e1zmodul Weisz Kft.\",\"description\":\"Professzion\u00e1lis kivitelez\u00e9s\",\"potentialAction\":[{\"@type\":\"SearchAction\",\"target\":{\"@type\":\"EntryPoint\",\"urlTemplate\":\"https:\/\/www.gazmodulweisz.hu\/?s={search_term_string}\"},\"query-input\":\"required name=search_term_string\"}],\"inLanguage\":\"en-GB\"}]}<\/script>\n<!-- \/ Yoast SEO plugin. -->","yoast_head_json":{"title":"Impresszum - G\u00e1zmodul Weisz Kft.","robots":{"index":"index","follow":"follow","max-snippet":"max-snippet:-1","max-image-preview":"max-image-preview:large","max-video-preview":"max-video-preview:-1"},"canonical":"http:\/\/www.gazmodulweisz.hu\/en\/impresszum\/","og_locale":"en_GB","og_type":"article","og_title":"Impresszum - G\u00e1zmodul Weisz Kft.","og_description":"G\u00e1zmodul-Weisz Kft. C\u00edm: 7000 S\u00e1rbog\u00e1rd Ady Endre \u00fat 215.Telefon: 06-25\/462-569E-mail: info@gazmodulweisz.huInternet: gazmodulweisz.huC\u00e9gjegyz\u00e9ksz\u00e1m: 07-09-005200Ad\u00f3sz\u00e1m: 11457035-2-07Hat\u00f3s\u00e1gi enged\u00e9ly: 2-7241\/2003Nyilv\u00e1ntart\u00e1si sz\u00e1m: 506\/2003 A c\u00e9get bejegyz\u0151 hat\u00f3s\u00e1g: Sz\u00e9kesfeh\u00e9rv\u00e1ri T\u00f6rv\u00e9nysz\u00e9k C\u00e9gb\u00edr\u00f3s\u00e1gaKamara: Magyar Kereskedelmi IparkamaraKamarai regisztr\u00e1ci\u00f3: 34A26614T\u00e1rhelyszolg\u00e1ltat\u00f3: Fejleszt\u0151k H\u00e1za Kft. (1142 Budapest, Sz\u0151nyi \u00fat 50\/a , info@fejlesztokhaza.hu)","og_url":"http:\/\/www.gazmodulweisz.hu\/en\/impresszum\/","og_site_name":"G\u00e1zmodul Weisz Kft.","article_modified_time":"2021-06-11T15:08:19+00:00","twitter_card":"summary_large_image","twitter_misc":{"Estimated reading time":"1 minute"},"schema":{"@context":"https:\/\/schema.org","@graph":[{"@type":"WebPage","@id":"http:\/\/www.gazmodulweisz.hu\/en\/impresszum\/","url":"http:\/\/www.gazmodulweisz.hu\/en\/impresszum\/","name":"Impresszum - G\u00e1zmodul Weisz Kft.","isPartOf":{"@id":"https:\/\/www.gazmodulweisz.hu\/#website"},"datePublished":"2021-05-19T13:52:16+00:00","dateModified":"2021-06-11T15:08:19+00:00","breadcrumb":{"@id":"http:\/\/www.gazmodulweisz.hu\/en\/impresszum\/#breadcrumb"},"inLanguage":"en-GB","potentialAction":[{"@type":"ReadAction","target":["http:\/\/www.gazmodulweisz.hu\/en\/impresszum\/"]}]},{"@type":"BreadcrumbList","@id":"http:\/\/www.gazmodulweisz.hu\/en\/impresszum\/#breadcrumb","itemListElement":[{"@type":"ListItem","position":1,"name":"Kezd\u0151lap","item":"https:\/\/www.gazmodulweisz.hu\/"},{"@type":"ListItem","position":2,"name":"Impresszum"}]},{"@type":"WebSite","@id":"https:\/\/www.gazmodulweisz.hu\/#website","url":"https:\/\/www.gazmodulweisz.hu\/","name":"G\u00e1zmodul Weisz Kft.","description":"Professzion\u00e1lis kivitelez\u00e9s","potentialAction":[{"@type":"SearchAction","target":{"@type":"EntryPoint","urlTemplate":"https:\/\/www.gazmodulweisz.hu\/?s={search_term_string}"},"query-input":"required name=search_term_string"}],"inLanguage":"en-GB"}]}},"_links":{"self":[{"href":"https:\/\/www.gazmodulweisz.hu\/en\/wp-json\/wp\/v2\/pages\/13038","targetHints":{"allow":["GET"]}}],"collection":[{"href":"https:\/\/www.gazmodulweisz.hu\/en\/wp-json\/wp\/v2\/pages"}],"about":[{"href":"https:\/\/www.gazmodulweisz.hu\/en\/wp-json\/wp\/v2\/types\/page"}],"author":[{"embeddable":true,"href":"https:\/\/www.gazmodulweisz.hu\/en\/wp-json\/wp\/v2\/users\/1"}],"replies":[{"embeddable":true,"href":"https:\/\/www.gazmodulweisz.hu\/en\/wp-json\/wp\/v2\/comments?post=13038"}],"version-history":[{"count":55,"href":"https:\/\/www.gazmodulweisz.hu\/en\/wp-json\/wp\/v2\/pages\/13038\/revisions"}],"predecessor-version":[{"id":14273,"href":"https:\/\/www.gazmodulweisz.hu\/en\/wp-json\/wp\/v2\/pages\/13038\/revisions\/14273"}],"wp:attachment":[{"href":"https:\/\/www.gazmodulweisz.hu\/en\/wp-json\/wp\/v2\/media?parent=13038"}],"curies":[{"name":"wp","href":"https:\/\/api.w.org\/{rel}","templated":true}]}}