{"id":13245,"date":"2021-05-28T09:48:20","date_gmt":"2021-05-28T09:48:20","guid":{"rendered":"http:\/\/www.gazmodulweisz.hu\/?page_id=13245"},"modified":"2021-06-07T11:02:10","modified_gmt":"2021-06-07T11:02:10","slug":"lakoingatlan-tarsashaz","status":"publish","type":"page","link":"https:\/\/www.gazmodulweisz.hu\/en\/referenciak\/lakoingatlan-tarsashaz\/","title":{"rendered":"LAK\u00d3INGATLAN\/T\u00c1RSASH\u00c1Z"},"content":{"rendered":"<div data-elementor-type=\"wp-page\" data-elementor-id=\"13245\" class=\"elementor elementor-13245\">\n\t\t\t\t\t\t<section class=\"elementor-section elementor-top-section elementor-element elementor-element-6ce9c39 elementor-section-boxed elementor-section-height-default elementor-section-height-default\" data-id=\"6ce9c39\" data-element_type=\"section\" data-e-type=\"section\">\n\t\t\t\t\t\t<div class=\"elementor-container elementor-column-gap-default\">\n\t\t\t\t\t<div class=\"elementor-column elementor-col-100 elementor-top-column elementor-element elementor-element-39f905d\" data-id=\"39f905d\" data-element_type=\"column\" data-e-type=\"column\">\n\t\t\t<div class=\"elementor-widget-wrap elementor-element-populated\">\n\t\t\t\t\t\t<div class=\"elementor-element elementor-element-9a2b3cf elementor-widget elementor-widget-text-editor\" data-id=\"9a2b3cf\" data-element_type=\"widget\" data-e-type=\"widget\" data-widget_type=\"text-editor.default\">\n\t\t\t\t<div class=\"elementor-widget-container\">\n\t\t\t\t\t\t\t\t\t<p>K\u00e9rem v\u00e1lassza ki referenci\u00e1ink ter\u00fcletei k\u00f6z\u00fcl az \u00d6n sz\u00e1m\u00e1ra megfelel\u0151t.<\/p>\t\t\t\t\t\t\t\t<\/div>\n\t\t\t\t<\/div>\n\t\t\t\t<div class=\"elementor-element elementor-element-1465d2a elementor-widget elementor-widget-wp-widget-nav_menu\" data-id=\"1465d2a\" data-element_type=\"widget\" data-e-type=\"widget\" data-widget_type=\"wp-widget-nav_menu.default\">\n\t\t\t\t<div class=\"elementor-widget-container\">\n\t\t\t\t\t<div class=\"menu-referenciak-container\"><ul id=\"menu-referenciak\" class=\"menu\"><li id=\"menu-item-13255\" class=\"menu-item menu-item-type-post_type menu-item-object-page menu-item-13255\"><a href=\"https:\/\/www.gazmodulweisz.hu\/en\/referenciak\/\">\u00d6SSZES<\/a><\/li>\n<li id=\"menu-item-13256\" class=\"menu-item menu-item-type-post_type menu-item-object-page menu-item-13256\"><a href=\"https:\/\/www.gazmodulweisz.hu\/en\/referenciak\/aruhaz\/\">\u00c1RUH\u00c1Z<\/a><\/li>\n<li id=\"menu-item-13257\" class=\"menu-item menu-item-type-post_type menu-item-object-page menu-item-13257\"><a href=\"https:\/\/www.gazmodulweisz.hu\/en\/referenciak\/lakoingatlan-tarsashaz\/\">LAK\u00d3INGATLAN\/T\u00c1RSASH\u00c1Z<\/a><\/li>\n<li id=\"menu-item-13258\" class=\"menu-item menu-item-type-post_type menu-item-object-page menu-item-13258\"><a href=\"https:\/\/www.gazmodulweisz.hu\/en\/referenciak\/ipari-letesitmeny\/\">IPARI L\u00c9TES\u00cdTM\u00c9NY<\/a><\/li>\n<li id=\"menu-item-13259\" class=\"menu-item menu-item-type-post_type menu-item-object-page menu-item-13259\"><a href=\"https:\/\/www.gazmodulweisz.hu\/en\/referenciak\/irodahaz\/\">IRODAH\u00c1Z<\/a><\/li>\n<li id=\"menu-item-13260\" class=\"menu-item menu-item-type-post_type menu-item-object-page menu-item-13260\"><a href=\"https:\/\/www.gazmodulweisz.hu\/en\/referenciak\/kozintezmenyek\/\">K\u00d6ZINT\u00c9ZM\u00c9NYEK<\/a><\/li>\n<li id=\"menu-item-13261\" class=\"menu-item menu-item-type-post_type menu-item-object-page menu-item-13261\"><a href=\"https:\/\/www.gazmodulweisz.hu\/en\/referenciak\/jelenlegi-munkak\/\">JELENLEGI MUNK\u00c1K<\/a><\/li>\n<\/ul><\/div>\t\t\t\t<\/div>\n\t\t\t\t<\/div>\n\t\t\t\t<section class=\"elementor-section elementor-inner-section elementor-element elementor-element-a49eb2a elementor-section-boxed elementor-section-height-default elementor-section-height-default\" data-id=\"a49eb2a\" data-element_type=\"section\" data-e-type=\"section\">\n\t\t\t\t\t\t<div class=\"elementor-container elementor-column-gap-default\">\n\t\t\t\t\t<div class=\"elementor-column elementor-col-25 elementor-inner-column elementor-element elementor-element-135e5b5\" data-id=\"135e5b5\" data-element_type=\"column\" data-e-type=\"column\">\n\t\t\t<div class=\"elementor-widget-wrap elementor-element-populated\">\n\t\t\t\t\t\t<div class=\"elementor-element elementor-element-e3fa64a elementor-widget elementor-widget-image\" data-id=\"e3fa64a\" data-element_type=\"widget\" data-e-type=\"widget\" data-widget_type=\"image.default\">\n\t\t\t\t<div class=\"elementor-widget-container\">\n\t\t\t\t\t\t\t\t\t\t\t\t\t\t\t<img fetchpriority=\"high\" decoding=\"async\" width=\"258\" height=\"258\" src=\"https:\/\/www.gazmodulweisz.hu\/wp-content\/uploads\/2021\/05\/Referenciak-25.jpg\" class=\"attachment-large size-large wp-image-13225\" alt=\"\" srcset=\"https:\/\/www.gazmodulweisz.hu\/wp-content\/uploads\/2021\/05\/Referenciak-25.jpg 258w, https:\/\/www.gazmodulweisz.hu\/wp-content\/uploads\/2021\/05\/Referenciak-25-150x150.jpg 150w\" sizes=\"(max-width: 258px) 100vw, 258px\" \/>\t\t\t\t\t\t\t\t\t\t\t\t\t\t\t<\/div>\n\t\t\t\t<\/div>\n\t\t\t\t\t<\/div>\n\t\t<\/div>\n\t\t\t\t<div class=\"elementor-column elementor-col-25 elementor-inner-column elementor-element elementor-element-c17b5a6\" data-id=\"c17b5a6\" data-element_type=\"column\" data-e-type=\"column\">\n\t\t\t<div class=\"elementor-widget-wrap elementor-element-populated\">\n\t\t\t\t\t\t<div class=\"elementor-element elementor-element-989ae17 elementor-widget elementor-widget-text-editor\" data-id=\"989ae17\" data-element_type=\"widget\" data-e-type=\"widget\" data-widget_type=\"text-editor.default\">\n\t\t\t\t<div class=\"elementor-widget-container\">\n\t\t\t\t\t\t\t\t\t<h4 class=\"Referencia-Cim\">G\u00e9p\u00e9szeti munk\u00e1latok<\/h4>\n<h6 class=\"Referencia-Alcim\">Sz\u00e9kesfeh\u00e9rv\u00e1r Park Villa<\/h6>\nKivitelez\u00e9s id\u0151pontja: 2016\nL\u00e9tes\u00edtm\u00e9ny t\u00edpusa: Lak\u00f3ingatlan\/T\u00e1rsash\u00e1z\n\t\t\t\t\t\t\t\t<\/div>\n\t\t\t\t<\/div>\n\t\t\t\t\t<\/div>\n\t\t<\/div>\n\t\t\t\t<div class=\"elementor-column elementor-col-25 elementor-inner-column elementor-element elementor-element-18d1a88\" data-id=\"18d1a88\" data-element_type=\"column\" data-e-type=\"column\">\n\t\t\t<div class=\"elementor-widget-wrap\">\n\t\t\t\t\t\t\t<\/div>\n\t\t<\/div>\n\t\t\t\t<div class=\"elementor-column elementor-col-25 elementor-inner-column elementor-element elementor-element-0e19ab1\" data-id=\"0e19ab1\" data-element_type=\"column\" data-e-type=\"column\">\n\t\t\t<div class=\"elementor-widget-wrap\">\n\t\t\t\t\t\t\t<\/div>\n\t\t<\/div>\n\t\t\t\t\t<\/div>\n\t\t<\/section>\n\t\t\t\t\t<\/div>\n\t\t<\/div>\n\t\t\t\t\t<\/div>\n\t\t<\/section>\n\t\t\t\t<\/div>","protected":false},"excerpt":{"rendered":"<p>K\u00e9rem v\u00e1lassza ki referenci\u00e1ink ter\u00fcletei k\u00f6z\u00fcl az \u00d6n sz\u00e1m\u00e1ra megfelel\u0151t. G\u00e9p\u00e9szeti munk\u00e1latok Sz\u00e9kesfeh\u00e9rv\u00e1r Park Villa Kivitelez\u00e9s id\u0151pontja: 2016 L\u00e9tes\u00edtm\u00e9ny t\u00edpusa: Lak\u00f3ingatlan\/T\u00e1rsash\u00e1z<\/p>","protected":false},"author":1,"featured_media":0,"parent":13026,"menu_order":0,"comment_status":"closed","ping_status":"closed","template":"","meta":{"footnotes":""},"class_list":["post-13245","page","type-page","status-publish","hentry"],"yoast_head":"<!-- This site is optimized with the Yoast SEO plugin v21.6 - https:\/\/yoast.com\/wordpress\/plugins\/seo\/ -->\n<title>LAK\u00d3INGATLAN\/T\u00c1RSASH\u00c1Z - G\u00e1zmodul Weisz Kft.<\/title>\n<meta name=\"robots\" content=\"index, follow, max-snippet:-1, max-image-preview:large, max-video-preview:-1\" \/>\n<link rel=\"canonical\" href=\"https:\/\/www.gazmodulweisz.hu\/en\/referenciak\/lakoingatlan-tarsashaz\/\" \/>\n<meta property=\"og:locale\" content=\"en_GB\" \/>\n<meta property=\"og:type\" content=\"article\" \/>\n<meta property=\"og:title\" content=\"LAK\u00d3INGATLAN\/T\u00c1RSASH\u00c1Z - G\u00e1zmodul Weisz Kft.\" \/>\n<meta property=\"og:description\" content=\"K\u00e9rem v\u00e1lassza ki referenci\u00e1ink ter\u00fcletei k\u00f6z\u00fcl az \u00d6n sz\u00e1m\u00e1ra megfelel\u0151t. G\u00e9p\u00e9szeti munk\u00e1latok Sz\u00e9kesfeh\u00e9rv\u00e1r Park Villa Kivitelez\u00e9s id\u0151pontja: 2016 L\u00e9tes\u00edtm\u00e9ny t\u00edpusa: Lak\u00f3ingatlan\/T\u00e1rsash\u00e1z\" \/>\n<meta property=\"og:url\" content=\"https:\/\/www.gazmodulweisz.hu\/en\/referenciak\/lakoingatlan-tarsashaz\/\" \/>\n<meta property=\"og:site_name\" content=\"G\u00e1zmodul Weisz Kft.\" \/>\n<meta property=\"article:modified_time\" content=\"2021-06-07T11:02:10+00:00\" \/>\n<meta property=\"og:image\" content=\"http:\/\/www.gazmodulweisz.hu\/wp-content\/uploads\/2021\/05\/Referenciak-25.jpg\" \/>\n<meta name=\"twitter:card\" content=\"summary_large_image\" \/>\n<meta name=\"twitter:label1\" content=\"Estimated reading time\" \/>\n\t<meta name=\"twitter:data1\" content=\"1 minute\" \/>\n<script type=\"application\/ld+json\" class=\"yoast-schema-graph\">{\"@context\":\"https:\/\/schema.org\",\"@graph\":[{\"@type\":\"WebPage\",\"@id\":\"https:\/\/www.gazmodulweisz.hu\/referenciak\/lakoingatlan-tarsashaz\/\",\"url\":\"https:\/\/www.gazmodulweisz.hu\/referenciak\/lakoingatlan-tarsashaz\/\",\"name\":\"LAK\u00d3INGATLAN\/T\u00c1RSASH\u00c1Z - G\u00e1zmodul Weisz Kft.\",\"isPartOf\":{\"@id\":\"https:\/\/www.gazmodulweisz.hu\/#website\"},\"datePublished\":\"2021-05-28T09:48:20+00:00\",\"dateModified\":\"2021-06-07T11:02:10+00:00\",\"breadcrumb\":{\"@id\":\"https:\/\/www.gazmodulweisz.hu\/referenciak\/lakoingatlan-tarsashaz\/#breadcrumb\"},\"inLanguage\":\"en-GB\",\"potentialAction\":[{\"@type\":\"ReadAction\",\"target\":[\"https:\/\/www.gazmodulweisz.hu\/referenciak\/lakoingatlan-tarsashaz\/\"]}]},{\"@type\":\"BreadcrumbList\",\"@id\":\"https:\/\/www.gazmodulweisz.hu\/referenciak\/lakoingatlan-tarsashaz\/#breadcrumb\",\"itemListElement\":[{\"@type\":\"ListItem\",\"position\":1,\"name\":\"Kezd\u0151lap\",\"item\":\"https:\/\/www.gazmodulweisz.hu\/\"},{\"@type\":\"ListItem\",\"position\":2,\"name\":\"Referenci\u00e1k\",\"item\":\"https:\/\/www.gazmodulweisz.hu\/referenciak\/\"},{\"@type\":\"ListItem\",\"position\":3,\"name\":\"LAK\u00d3INGATLAN\/T\u00c1RSASH\u00c1Z\"}]},{\"@type\":\"WebSite\",\"@id\":\"https:\/\/www.gazmodulweisz.hu\/#website\",\"url\":\"https:\/\/www.gazmodulweisz.hu\/\",\"name\":\"G\u00e1zmodul Weisz Kft.\",\"description\":\"Professzion\u00e1lis kivitelez\u00e9s\",\"potentialAction\":[{\"@type\":\"SearchAction\",\"target\":{\"@type\":\"EntryPoint\",\"urlTemplate\":\"https:\/\/www.gazmodulweisz.hu\/?s={search_term_string}\"},\"query-input\":\"required name=search_term_string\"}],\"inLanguage\":\"en-GB\"}]}<\/script>\n<!-- \/ Yoast SEO plugin. -->","yoast_head_json":{"title":"LAK\u00d3INGATLAN\/T\u00c1RSASH\u00c1Z - G\u00e1zmodul Weisz Kft.","robots":{"index":"index","follow":"follow","max-snippet":"max-snippet:-1","max-image-preview":"max-image-preview:large","max-video-preview":"max-video-preview:-1"},"canonical":"https:\/\/www.gazmodulweisz.hu\/en\/referenciak\/lakoingatlan-tarsashaz\/","og_locale":"en_GB","og_type":"article","og_title":"LAK\u00d3INGATLAN\/T\u00c1RSASH\u00c1Z - G\u00e1zmodul Weisz Kft.","og_description":"K\u00e9rem v\u00e1lassza ki referenci\u00e1ink ter\u00fcletei k\u00f6z\u00fcl az \u00d6n sz\u00e1m\u00e1ra megfelel\u0151t. G\u00e9p\u00e9szeti munk\u00e1latok Sz\u00e9kesfeh\u00e9rv\u00e1r Park Villa Kivitelez\u00e9s id\u0151pontja: 2016 L\u00e9tes\u00edtm\u00e9ny t\u00edpusa: Lak\u00f3ingatlan\/T\u00e1rsash\u00e1z","og_url":"https:\/\/www.gazmodulweisz.hu\/en\/referenciak\/lakoingatlan-tarsashaz\/","og_site_name":"G\u00e1zmodul Weisz Kft.","article_modified_time":"2021-06-07T11:02:10+00:00","og_image":[{"url":"http:\/\/www.gazmodulweisz.hu\/wp-content\/uploads\/2021\/05\/Referenciak-25.jpg"}],"twitter_card":"summary_large_image","twitter_misc":{"Estimated reading time":"1 minute"},"schema":{"@context":"https:\/\/schema.org","@graph":[{"@type":"WebPage","@id":"https:\/\/www.gazmodulweisz.hu\/referenciak\/lakoingatlan-tarsashaz\/","url":"https:\/\/www.gazmodulweisz.hu\/referenciak\/lakoingatlan-tarsashaz\/","name":"LAK\u00d3INGATLAN\/T\u00c1RSASH\u00c1Z - G\u00e1zmodul Weisz Kft.","isPartOf":{"@id":"https:\/\/www.gazmodulweisz.hu\/#website"},"datePublished":"2021-05-28T09:48:20+00:00","dateModified":"2021-06-07T11:02:10+00:00","breadcrumb":{"@id":"https:\/\/www.gazmodulweisz.hu\/referenciak\/lakoingatlan-tarsashaz\/#breadcrumb"},"inLanguage":"en-GB","potentialAction":[{"@type":"ReadAction","target":["https:\/\/www.gazmodulweisz.hu\/referenciak\/lakoingatlan-tarsashaz\/"]}]},{"@type":"BreadcrumbList","@id":"https:\/\/www.gazmodulweisz.hu\/referenciak\/lakoingatlan-tarsashaz\/#breadcrumb","itemListElement":[{"@type":"ListItem","position":1,"name":"Kezd\u0151lap","item":"https:\/\/www.gazmodulweisz.hu\/"},{"@type":"ListItem","position":2,"name":"Referenci\u00e1k","item":"https:\/\/www.gazmodulweisz.hu\/referenciak\/"},{"@type":"ListItem","position":3,"name":"LAK\u00d3INGATLAN\/T\u00c1RSASH\u00c1Z"}]},{"@type":"WebSite","@id":"https:\/\/www.gazmodulweisz.hu\/#website","url":"https:\/\/www.gazmodulweisz.hu\/","name":"G\u00e1zmodul Weisz Kft.","description":"Professzion\u00e1lis kivitelez\u00e9s","potentialAction":[{"@type":"SearchAction","target":{"@type":"EntryPoint","urlTemplate":"https:\/\/www.gazmodulweisz.hu\/?s={search_term_string}"},"query-input":"required name=search_term_string"}],"inLanguage":"en-GB"}]}},"_links":{"self":[{"href":"https:\/\/www.gazmodulweisz.hu\/en\/wp-json\/wp\/v2\/pages\/13245","targetHints":{"allow":["GET"]}}],"collection":[{"href":"https:\/\/www.gazmodulweisz.hu\/en\/wp-json\/wp\/v2\/pages"}],"about":[{"href":"https:\/\/www.gazmodulweisz.hu\/en\/wp-json\/wp\/v2\/types\/page"}],"author":[{"embeddable":true,"href":"https:\/\/www.gazmodulweisz.hu\/en\/wp-json\/wp\/v2\/users\/1"}],"replies":[{"embeddable":true,"href":"https:\/\/www.gazmodulweisz.hu\/en\/wp-json\/wp\/v2\/comments?post=13245"}],"version-history":[{"count":9,"href":"https:\/\/www.gazmodulweisz.hu\/en\/wp-json\/wp\/v2\/pages\/13245\/revisions"}],"predecessor-version":[{"id":13578,"href":"https:\/\/www.gazmodulweisz.hu\/en\/wp-json\/wp\/v2\/pages\/13245\/revisions\/13578"}],"up":[{"embeddable":true,"href":"https:\/\/www.gazmodulweisz.hu\/en\/wp-json\/wp\/v2\/pages\/13026"}],"wp:attachment":[{"href":"https:\/\/www.gazmodulweisz.hu\/en\/wp-json\/wp\/v2\/media?parent=13245"}],"curies":[{"name":"wp","href":"https:\/\/api.w.org\/{rel}","templated":true}]}}