{"id":13249,"date":"2021-05-28T09:50:05","date_gmt":"2021-05-28T09:50:05","guid":{"rendered":"http:\/\/www.gazmodulweisz.hu\/?page_id=13249"},"modified":"2021-06-07T11:01:40","modified_gmt":"2021-06-07T11:01:40","slug":"irodahaz","status":"publish","type":"page","link":"https:\/\/www.gazmodulweisz.hu\/en\/referenciak\/irodahaz\/","title":{"rendered":"IRODAH\u00c1Z"},"content":{"rendered":"<div data-elementor-type=\"wp-page\" data-elementor-id=\"13249\" class=\"elementor elementor-13249\">\n\t\t\t\t\t\t<section class=\"elementor-section elementor-top-section elementor-element elementor-element-45bddec elementor-section-boxed elementor-section-height-default elementor-section-height-default\" data-id=\"45bddec\" data-element_type=\"section\" data-e-type=\"section\">\n\t\t\t\t\t\t<div class=\"elementor-container elementor-column-gap-default\">\n\t\t\t\t\t<div class=\"elementor-column elementor-col-100 elementor-top-column elementor-element elementor-element-090c6ea\" data-id=\"090c6ea\" data-element_type=\"column\" data-e-type=\"column\">\n\t\t\t<div class=\"elementor-widget-wrap elementor-element-populated\">\n\t\t\t\t\t\t<div class=\"elementor-element elementor-element-608a07c elementor-widget elementor-widget-text-editor\" data-id=\"608a07c\" data-element_type=\"widget\" data-e-type=\"widget\" data-widget_type=\"text-editor.default\">\n\t\t\t\t<div class=\"elementor-widget-container\">\n\t\t\t\t\t\t\t\t\t<p>K\u00e9rem v\u00e1lassza ki referenci\u00e1ink ter\u00fcletei k\u00f6z\u00fcl az \u00d6n sz\u00e1m\u00e1ra megfelel\u0151t.<\/p>\t\t\t\t\t\t\t\t<\/div>\n\t\t\t\t<\/div>\n\t\t\t\t<div class=\"elementor-element elementor-element-0420ebd elementor-widget elementor-widget-wp-widget-nav_menu\" data-id=\"0420ebd\" data-element_type=\"widget\" data-e-type=\"widget\" data-widget_type=\"wp-widget-nav_menu.default\">\n\t\t\t\t<div class=\"elementor-widget-container\">\n\t\t\t\t\t<div class=\"menu-referenciak-container\"><ul id=\"menu-referenciak\" class=\"menu\"><li id=\"menu-item-13255\" class=\"menu-item menu-item-type-post_type menu-item-object-page menu-item-13255\"><a href=\"https:\/\/www.gazmodulweisz.hu\/en\/referenciak\/\">\u00d6SSZES<\/a><\/li>\n<li id=\"menu-item-13256\" class=\"menu-item menu-item-type-post_type menu-item-object-page menu-item-13256\"><a href=\"https:\/\/www.gazmodulweisz.hu\/en\/referenciak\/aruhaz\/\">\u00c1RUH\u00c1Z<\/a><\/li>\n<li id=\"menu-item-13257\" class=\"menu-item menu-item-type-post_type menu-item-object-page menu-item-13257\"><a href=\"https:\/\/www.gazmodulweisz.hu\/en\/referenciak\/lakoingatlan-tarsashaz\/\">LAK\u00d3INGATLAN\/T\u00c1RSASH\u00c1Z<\/a><\/li>\n<li id=\"menu-item-13258\" class=\"menu-item menu-item-type-post_type menu-item-object-page menu-item-13258\"><a href=\"https:\/\/www.gazmodulweisz.hu\/en\/referenciak\/ipari-letesitmeny\/\">IPARI L\u00c9TES\u00cdTM\u00c9NY<\/a><\/li>\n<li id=\"menu-item-13259\" class=\"menu-item menu-item-type-post_type menu-item-object-page menu-item-13259\"><a href=\"https:\/\/www.gazmodulweisz.hu\/en\/referenciak\/irodahaz\/\">IRODAH\u00c1Z<\/a><\/li>\n<li id=\"menu-item-13260\" class=\"menu-item menu-item-type-post_type menu-item-object-page menu-item-13260\"><a href=\"https:\/\/www.gazmodulweisz.hu\/en\/referenciak\/kozintezmenyek\/\">K\u00d6ZINT\u00c9ZM\u00c9NYEK<\/a><\/li>\n<li id=\"menu-item-13261\" class=\"menu-item menu-item-type-post_type menu-item-object-page menu-item-13261\"><a href=\"https:\/\/www.gazmodulweisz.hu\/en\/referenciak\/jelenlegi-munkak\/\">JELENLEGI MUNK\u00c1K<\/a><\/li>\n<\/ul><\/div>\t\t\t\t<\/div>\n\t\t\t\t<\/div>\n\t\t\t\t<section class=\"elementor-section elementor-inner-section elementor-element elementor-element-a4a238f elementor-section-boxed elementor-section-height-default elementor-section-height-default\" data-id=\"a4a238f\" data-element_type=\"section\" data-e-type=\"section\">\n\t\t\t\t\t\t<div class=\"elementor-container elementor-column-gap-default\">\n\t\t\t\t\t<div class=\"elementor-column elementor-col-25 elementor-inner-column elementor-element elementor-element-ef14a2c\" data-id=\"ef14a2c\" data-element_type=\"column\" data-e-type=\"column\">\n\t\t\t<div class=\"elementor-widget-wrap elementor-element-populated\">\n\t\t\t\t\t\t<div class=\"elementor-element elementor-element-197db2a elementor-widget elementor-widget-image\" data-id=\"197db2a\" data-element_type=\"widget\" data-e-type=\"widget\" data-widget_type=\"image.default\">\n\t\t\t\t<div class=\"elementor-widget-container\">\n\t\t\t\t\t\t\t\t\t\t\t\t\t\t\t<img fetchpriority=\"high\" decoding=\"async\" width=\"258\" height=\"258\" src=\"https:\/\/www.gazmodulweisz.hu\/wp-content\/uploads\/2021\/05\/Referenciak-9.jpg\" class=\"attachment-large size-large wp-image-13209\" alt=\"\" srcset=\"https:\/\/www.gazmodulweisz.hu\/wp-content\/uploads\/2021\/05\/Referenciak-9.jpg 258w, https:\/\/www.gazmodulweisz.hu\/wp-content\/uploads\/2021\/05\/Referenciak-9-150x150.jpg 150w\" sizes=\"(max-width: 258px) 100vw, 258px\" \/>\t\t\t\t\t\t\t\t\t\t\t\t\t\t\t<\/div>\n\t\t\t\t<\/div>\n\t\t\t\t\t<\/div>\n\t\t<\/div>\n\t\t\t\t<div class=\"elementor-column elementor-col-25 elementor-inner-column elementor-element elementor-element-7a6d491\" data-id=\"7a6d491\" data-element_type=\"column\" data-e-type=\"column\">\n\t\t\t<div class=\"elementor-widget-wrap elementor-element-populated\">\n\t\t\t\t\t\t<div class=\"elementor-element elementor-element-17fdc6e elementor-widget elementor-widget-text-editor\" data-id=\"17fdc6e\" data-element_type=\"widget\" data-e-type=\"widget\" data-widget_type=\"text-editor.default\">\n\t\t\t\t<div class=\"elementor-widget-container\">\n\t\t\t\t\t\t\t\t\t<h4 class=\"Referencia-Cim\">Iroda\u00e9p\u00fclet \u00e9p\u00fcletg\u00e9p\u00e9szeti munk\u00e1k<\/h4>\n<h6 class=\"Referencia-Alcim\">Kincsesb\u00e1nya Ipartelep <\/h6>\nKivitelez\u00e9s id\u0151pontja: 2011\nL\u00e9tes\u00edtm\u00e9ny t\u00edpusa: Irodah\u00e1z\n\t\t\t\t\t\t\t\t<\/div>\n\t\t\t\t<\/div>\n\t\t\t\t\t<\/div>\n\t\t<\/div>\n\t\t\t\t<div class=\"elementor-column elementor-col-25 elementor-inner-column elementor-element elementor-element-540ae07\" data-id=\"540ae07\" data-element_type=\"column\" data-e-type=\"column\">\n\t\t\t<div class=\"elementor-widget-wrap elementor-element-populated\">\n\t\t\t\t\t\t<div class=\"elementor-element elementor-element-80c5adf elementor-widget elementor-widget-image\" data-id=\"80c5adf\" data-element_type=\"widget\" data-e-type=\"widget\" data-widget_type=\"image.default\">\n\t\t\t\t<div class=\"elementor-widget-container\">\n\t\t\t\t\t\t\t\t\t\t\t\t\t\t\t<img decoding=\"async\" width=\"258\" height=\"258\" src=\"https:\/\/www.gazmodulweisz.hu\/wp-content\/uploads\/2021\/05\/Referenciak-12.jpg\" class=\"attachment-large size-large wp-image-13212\" alt=\"\" srcset=\"https:\/\/www.gazmodulweisz.hu\/wp-content\/uploads\/2021\/05\/Referenciak-12.jpg 258w, https:\/\/www.gazmodulweisz.hu\/wp-content\/uploads\/2021\/05\/Referenciak-12-150x150.jpg 150w\" sizes=\"(max-width: 258px) 100vw, 258px\" \/>\t\t\t\t\t\t\t\t\t\t\t\t\t\t\t<\/div>\n\t\t\t\t<\/div>\n\t\t\t\t\t<\/div>\n\t\t<\/div>\n\t\t\t\t<div class=\"elementor-column elementor-col-25 elementor-inner-column elementor-element elementor-element-e38dfe0\" data-id=\"e38dfe0\" data-element_type=\"column\" data-e-type=\"column\">\n\t\t\t<div class=\"elementor-widget-wrap elementor-element-populated\">\n\t\t\t\t\t\t<div class=\"elementor-element elementor-element-ce4aea7 elementor-widget elementor-widget-text-editor\" data-id=\"ce4aea7\" data-element_type=\"widget\" data-e-type=\"widget\" data-widget_type=\"text-editor.default\">\n\t\t\t\t<div class=\"elementor-widget-container\">\n\t\t\t\t\t\t\t\t\t<h4 class=\"Referencia-Cim\">J\u00e1r\u00e1si Hivatal \u00e9p\u00fcletg\u00e9p\u00e9szeti munk\u00e1i<\/h4>\n<h6 class=\"Referencia-Alcim\">Veszpr\u00e9m <\/h6>\nKivitelez\u00e9s id\u0151pontja: 2014\nL\u00e9tes\u00edtm\u00e9ny t\u00edpusa: Irodah\u00e1z\n\t\t\t\t\t\t\t\t<\/div>\n\t\t\t\t<\/div>\n\t\t\t\t\t<\/div>\n\t\t<\/div>\n\t\t\t\t\t<\/div>\n\t\t<\/section>\n\t\t\t\t<section class=\"elementor-section elementor-inner-section elementor-element elementor-element-b2cff61 elementor-section-boxed elementor-section-height-default elementor-section-height-default\" data-id=\"b2cff61\" data-element_type=\"section\" data-e-type=\"section\">\n\t\t\t\t\t\t<div class=\"elementor-container elementor-column-gap-default\">\n\t\t\t\t\t<div class=\"elementor-column elementor-col-25 elementor-inner-column elementor-element elementor-element-1d94e2c\" data-id=\"1d94e2c\" data-element_type=\"column\" data-e-type=\"column\">\n\t\t\t<div class=\"elementor-widget-wrap elementor-element-populated\">\n\t\t\t\t\t\t<div class=\"elementor-element elementor-element-847f385 elementor-widget elementor-widget-image\" data-id=\"847f385\" data-element_type=\"widget\" data-e-type=\"widget\" data-widget_type=\"image.default\">\n\t\t\t\t<div class=\"elementor-widget-container\">\n\t\t\t\t\t\t\t\t\t\t\t\t\t\t\t<img decoding=\"async\" width=\"258\" height=\"258\" src=\"https:\/\/www.gazmodulweisz.hu\/wp-content\/uploads\/2021\/05\/Referenciak-13.jpg\" class=\"attachment-large size-large wp-image-13213\" alt=\"\" srcset=\"https:\/\/www.gazmodulweisz.hu\/wp-content\/uploads\/2021\/05\/Referenciak-13.jpg 258w, https:\/\/www.gazmodulweisz.hu\/wp-content\/uploads\/2021\/05\/Referenciak-13-150x150.jpg 150w\" sizes=\"(max-width: 258px) 100vw, 258px\" \/>\t\t\t\t\t\t\t\t\t\t\t\t\t\t\t<\/div>\n\t\t\t\t<\/div>\n\t\t\t\t\t<\/div>\n\t\t<\/div>\n\t\t\t\t<div class=\"elementor-column elementor-col-25 elementor-inner-column elementor-element elementor-element-d8455a8\" data-id=\"d8455a8\" data-element_type=\"column\" data-e-type=\"column\">\n\t\t\t<div class=\"elementor-widget-wrap elementor-element-populated\">\n\t\t\t\t\t\t<div class=\"elementor-element elementor-element-b9cb2fc elementor-widget elementor-widget-text-editor\" data-id=\"b9cb2fc\" data-element_type=\"widget\" data-e-type=\"widget\" data-widget_type=\"text-editor.default\">\n\t\t\t\t<div class=\"elementor-widget-container\">\n\t\t\t\t\t\t\t\t\t<h4 class=\"Referencia-Cim\">Korm\u00e1nyablak \u00e9p\u00fcletg\u00e9p\u00e9szeti munk\u00e1i<\/h4>\n<h6 class=\"Referencia-Alcim\">Duna\u00fajv\u00e1ros<\/h6>\nKivitelez\u00e9s id\u0151pontja: 2014\nL\u00e9tes\u00edtm\u00e9ny t\u00edpusa: Irodah\u00e1z\n\t\t\t\t\t\t\t\t<\/div>\n\t\t\t\t<\/div>\n\t\t\t\t\t<\/div>\n\t\t<\/div>\n\t\t\t\t<div class=\"elementor-column elementor-col-25 elementor-inner-column elementor-element elementor-element-8b3e27d\" data-id=\"8b3e27d\" data-element_type=\"column\" data-e-type=\"column\">\n\t\t\t<div class=\"elementor-widget-wrap elementor-element-populated\">\n\t\t\t\t\t\t<div class=\"elementor-element elementor-element-94c3054 elementor-widget elementor-widget-image\" data-id=\"94c3054\" data-element_type=\"widget\" data-e-type=\"widget\" data-widget_type=\"image.default\">\n\t\t\t\t<div class=\"elementor-widget-container\">\n\t\t\t\t\t\t\t\t\t\t\t\t\t\t\t<img loading=\"lazy\" decoding=\"async\" width=\"258\" height=\"258\" src=\"https:\/\/www.gazmodulweisz.hu\/wp-content\/uploads\/2021\/05\/Referenciak-14.png\" class=\"attachment-large size-large wp-image-13214\" alt=\"\" srcset=\"https:\/\/www.gazmodulweisz.hu\/wp-content\/uploads\/2021\/05\/Referenciak-14.png 258w, https:\/\/www.gazmodulweisz.hu\/wp-content\/uploads\/2021\/05\/Referenciak-14-150x150.png 150w\" sizes=\"(max-width: 258px) 100vw, 258px\" \/>\t\t\t\t\t\t\t\t\t\t\t\t\t\t\t<\/div>\n\t\t\t\t<\/div>\n\t\t\t\t\t<\/div>\n\t\t<\/div>\n\t\t\t\t<div class=\"elementor-column elementor-col-25 elementor-inner-column elementor-element elementor-element-802c6b3\" data-id=\"802c6b3\" data-element_type=\"column\" data-e-type=\"column\">\n\t\t\t<div class=\"elementor-widget-wrap elementor-element-populated\">\n\t\t\t\t\t\t<div class=\"elementor-element elementor-element-000bb22 elementor-widget elementor-widget-text-editor\" data-id=\"000bb22\" data-element_type=\"widget\" data-e-type=\"widget\" data-widget_type=\"text-editor.default\">\n\t\t\t\t<div class=\"elementor-widget-container\">\n\t\t\t\t\t\t\t\t\t<h4 class=\"Referencia-Cim\">Falk\u00f6z \u00dczleth\u00e1z \u00e9p\u00fcletg\u00e9p\u00e9szeti munk\u00e1i<\/h4>\n<h6 class=\"Referencia-Alcim\">Sz\u00e9kesfeh\u00e9rv\u00e1r, V\u00e1rk\u00f6r\u00fat 40<\/h6>\nKivitelez\u00e9s id\u0151pontja: 2014\nL\u00e9tes\u00edtm\u00e9ny t\u00edpusa: Irodah\u00e1z\n\t\t\t\t\t\t\t\t<\/div>\n\t\t\t\t<\/div>\n\t\t\t\t\t<\/div>\n\t\t<\/div>\n\t\t\t\t\t<\/div>\n\t\t<\/section>\n\t\t\t\t<section class=\"elementor-section elementor-inner-section elementor-element elementor-element-69506bd elementor-section-boxed elementor-section-height-default elementor-section-height-default\" data-id=\"69506bd\" data-element_type=\"section\" data-e-type=\"section\">\n\t\t\t\t\t\t<div class=\"elementor-container elementor-column-gap-default\">\n\t\t\t\t\t<div class=\"elementor-column elementor-col-25 elementor-inner-column elementor-element elementor-element-b58498e\" data-id=\"b58498e\" data-element_type=\"column\" data-e-type=\"column\">\n\t\t\t<div class=\"elementor-widget-wrap elementor-element-populated\">\n\t\t\t\t\t\t<div class=\"elementor-element elementor-element-96522a9 elementor-widget elementor-widget-image\" data-id=\"96522a9\" data-element_type=\"widget\" data-e-type=\"widget\" data-widget_type=\"image.default\">\n\t\t\t\t<div class=\"elementor-widget-container\">\n\t\t\t\t\t\t\t\t\t\t\t\t\t\t\t<img loading=\"lazy\" decoding=\"async\" width=\"258\" height=\"258\" src=\"https:\/\/www.gazmodulweisz.hu\/wp-content\/uploads\/2021\/05\/Referenciak-29.jpg\" class=\"attachment-large size-large wp-image-13229\" alt=\"\" srcset=\"https:\/\/www.gazmodulweisz.hu\/wp-content\/uploads\/2021\/05\/Referenciak-29.jpg 258w, https:\/\/www.gazmodulweisz.hu\/wp-content\/uploads\/2021\/05\/Referenciak-29-150x150.jpg 150w\" sizes=\"(max-width: 258px) 100vw, 258px\" \/>\t\t\t\t\t\t\t\t\t\t\t\t\t\t\t<\/div>\n\t\t\t\t<\/div>\n\t\t\t\t\t<\/div>\n\t\t<\/div>\n\t\t\t\t<div class=\"elementor-column elementor-col-25 elementor-inner-column elementor-element elementor-element-f727e1a\" data-id=\"f727e1a\" data-element_type=\"column\" data-e-type=\"column\">\n\t\t\t<div class=\"elementor-widget-wrap elementor-element-populated\">\n\t\t\t\t\t\t<div class=\"elementor-element elementor-element-2152dc8 elementor-widget elementor-widget-text-editor\" data-id=\"2152dc8\" data-element_type=\"widget\" data-e-type=\"widget\" data-widget_type=\"text-editor.default\">\n\t\t\t\t<div class=\"elementor-widget-container\">\n\t\t\t\t\t\t\t\t\t<h4 class=\"Referencia-Cim\">G\u00e9p\u00e9szeti munk\u00e1latok<\/h4>\n<h6 class=\"Referencia-Alcim\">Sz\u00e9kesfeh\u00e9rv\u00e1r J\u00f3kai u. 15.<\/h6>\nKivitelez\u00e9s id\u0151pontja: 2014\nL\u00e9tes\u00edtm\u00e9ny t\u00edpusa: Irodah\u00e1z\n\t\t\t\t\t\t\t\t<\/div>\n\t\t\t\t<\/div>\n\t\t\t\t\t<\/div>\n\t\t<\/div>\n\t\t\t\t<div class=\"elementor-column elementor-col-25 elementor-inner-column elementor-element elementor-element-ef9e2e7\" data-id=\"ef9e2e7\" data-element_type=\"column\" data-e-type=\"column\">\n\t\t\t<div class=\"elementor-widget-wrap\">\n\t\t\t\t\t\t\t<\/div>\n\t\t<\/div>\n\t\t\t\t<div class=\"elementor-column elementor-col-25 elementor-inner-column elementor-element elementor-element-4af3226\" data-id=\"4af3226\" data-element_type=\"column\" data-e-type=\"column\">\n\t\t\t<div class=\"elementor-widget-wrap\">\n\t\t\t\t\t\t\t<\/div>\n\t\t<\/div>\n\t\t\t\t\t<\/div>\n\t\t<\/section>\n\t\t\t\t\t<\/div>\n\t\t<\/div>\n\t\t\t\t\t<\/div>\n\t\t<\/section>\n\t\t\t\t<\/div>","protected":false},"excerpt":{"rendered":"<p>K\u00e9rem v\u00e1lassza ki referenci\u00e1ink ter\u00fcletei k\u00f6z\u00fcl az \u00d6n sz\u00e1m\u00e1ra megfelel\u0151t. Iroda\u00e9p\u00fclet \u00e9p\u00fcletg\u00e9p\u00e9szeti munk\u00e1k Kincsesb\u00e1nya Ipartelep Kivitelez\u00e9s id\u0151pontja: 2011 L\u00e9tes\u00edtm\u00e9ny t\u00edpusa: Irodah\u00e1z J\u00e1r\u00e1si Hivatal \u00e9p\u00fcletg\u00e9p\u00e9szeti munk\u00e1i Veszpr\u00e9m Kivitelez\u00e9s id\u0151pontja: 2014 L\u00e9tes\u00edtm\u00e9ny t\u00edpusa: Irodah\u00e1z Korm\u00e1nyablak \u00e9p\u00fcletg\u00e9p\u00e9szeti munk\u00e1i Duna\u00fajv\u00e1ros Kivitelez\u00e9s id\u0151pontja: 2014 L\u00e9tes\u00edtm\u00e9ny t\u00edpusa: Irodah\u00e1z Falk\u00f6z \u00dczleth\u00e1z \u00e9p\u00fcletg\u00e9p\u00e9szeti munk\u00e1i Sz\u00e9kesfeh\u00e9rv\u00e1r, V\u00e1rk\u00f6r\u00fat 40 Kivitelez\u00e9s id\u0151pontja: 2014 L\u00e9tes\u00edtm\u00e9ny t\u00edpusa: Irodah\u00e1z&#8230;<\/p>","protected":false},"author":1,"featured_media":0,"parent":13026,"menu_order":0,"comment_status":"closed","ping_status":"closed","template":"","meta":{"footnotes":""},"class_list":["post-13249","page","type-page","status-publish","hentry"],"yoast_head":"<!-- This site is optimized with the Yoast SEO plugin v21.6 - https:\/\/yoast.com\/wordpress\/plugins\/seo\/ -->\n<title>IRODAH\u00c1Z - G\u00e1zmodul Weisz Kft.<\/title>\n<meta name=\"robots\" content=\"index, follow, max-snippet:-1, max-image-preview:large, max-video-preview:-1\" \/>\n<link rel=\"canonical\" href=\"http:\/\/www.gazmodulweisz.hu\/en\/referenciak\/irodahaz\/\" \/>\n<meta property=\"og:locale\" content=\"en_GB\" \/>\n<meta property=\"og:type\" content=\"article\" \/>\n<meta property=\"og:title\" content=\"IRODAH\u00c1Z - G\u00e1zmodul Weisz Kft.\" \/>\n<meta property=\"og:description\" content=\"K\u00e9rem v\u00e1lassza ki referenci\u00e1ink ter\u00fcletei k\u00f6z\u00fcl az \u00d6n sz\u00e1m\u00e1ra megfelel\u0151t. Iroda\u00e9p\u00fclet \u00e9p\u00fcletg\u00e9p\u00e9szeti munk\u00e1k Kincsesb\u00e1nya Ipartelep Kivitelez\u00e9s id\u0151pontja: 2011 L\u00e9tes\u00edtm\u00e9ny t\u00edpusa: Irodah\u00e1z J\u00e1r\u00e1si Hivatal \u00e9p\u00fcletg\u00e9p\u00e9szeti munk\u00e1i Veszpr\u00e9m Kivitelez\u00e9s id\u0151pontja: 2014 L\u00e9tes\u00edtm\u00e9ny t\u00edpusa: Irodah\u00e1z Korm\u00e1nyablak \u00e9p\u00fcletg\u00e9p\u00e9szeti munk\u00e1i Duna\u00fajv\u00e1ros Kivitelez\u00e9s id\u0151pontja: 2014 L\u00e9tes\u00edtm\u00e9ny t\u00edpusa: Irodah\u00e1z Falk\u00f6z \u00dczleth\u00e1z \u00e9p\u00fcletg\u00e9p\u00e9szeti munk\u00e1i Sz\u00e9kesfeh\u00e9rv\u00e1r, V\u00e1rk\u00f6r\u00fat 40 Kivitelez\u00e9s id\u0151pontja: 2014 L\u00e9tes\u00edtm\u00e9ny t\u00edpusa: Irodah\u00e1z...\" \/>\n<meta property=\"og:url\" content=\"http:\/\/www.gazmodulweisz.hu\/en\/referenciak\/irodahaz\/\" \/>\n<meta property=\"og:site_name\" content=\"G\u00e1zmodul Weisz Kft.\" \/>\n<meta property=\"article:modified_time\" content=\"2021-06-07T11:01:40+00:00\" \/>\n<meta property=\"og:image\" content=\"http:\/\/www.gazmodulweisz.hu\/wp-content\/uploads\/2021\/05\/Referenciak-9.jpg\" \/>\n<meta name=\"twitter:card\" content=\"summary_large_image\" \/>\n<meta name=\"twitter:label1\" content=\"Estimated reading time\" \/>\n\t<meta name=\"twitter:data1\" content=\"2 minutes\" \/>\n<script type=\"application\/ld+json\" class=\"yoast-schema-graph\">{\"@context\":\"https:\/\/schema.org\",\"@graph\":[{\"@type\":\"WebPage\",\"@id\":\"http:\/\/www.gazmodulweisz.hu\/en\/referenciak\/irodahaz\/\",\"url\":\"http:\/\/www.gazmodulweisz.hu\/en\/referenciak\/irodahaz\/\",\"name\":\"IRODAH\u00c1Z - G\u00e1zmodul Weisz Kft.\",\"isPartOf\":{\"@id\":\"https:\/\/www.gazmodulweisz.hu\/#website\"},\"datePublished\":\"2021-05-28T09:50:05+00:00\",\"dateModified\":\"2021-06-07T11:01:40+00:00\",\"breadcrumb\":{\"@id\":\"http:\/\/www.gazmodulweisz.hu\/en\/referenciak\/irodahaz\/#breadcrumb\"},\"inLanguage\":\"en-GB\",\"potentialAction\":[{\"@type\":\"ReadAction\",\"target\":[\"http:\/\/www.gazmodulweisz.hu\/en\/referenciak\/irodahaz\/\"]}]},{\"@type\":\"BreadcrumbList\",\"@id\":\"http:\/\/www.gazmodulweisz.hu\/en\/referenciak\/irodahaz\/#breadcrumb\",\"itemListElement\":[{\"@type\":\"ListItem\",\"position\":1,\"name\":\"Kezd\u0151lap\",\"item\":\"https:\/\/www.gazmodulweisz.hu\/\"},{\"@type\":\"ListItem\",\"position\":2,\"name\":\"Referenci\u00e1k\",\"item\":\"https:\/\/www.gazmodulweisz.hu\/referenciak\/\"},{\"@type\":\"ListItem\",\"position\":3,\"name\":\"IRODAH\u00c1Z\"}]},{\"@type\":\"WebSite\",\"@id\":\"https:\/\/www.gazmodulweisz.hu\/#website\",\"url\":\"https:\/\/www.gazmodulweisz.hu\/\",\"name\":\"G\u00e1zmodul Weisz Kft.\",\"description\":\"Professzion\u00e1lis kivitelez\u00e9s\",\"potentialAction\":[{\"@type\":\"SearchAction\",\"target\":{\"@type\":\"EntryPoint\",\"urlTemplate\":\"https:\/\/www.gazmodulweisz.hu\/?s={search_term_string}\"},\"query-input\":\"required name=search_term_string\"}],\"inLanguage\":\"en-GB\"}]}<\/script>\n<!-- \/ Yoast SEO plugin. -->","yoast_head_json":{"title":"IRODAH\u00c1Z - G\u00e1zmodul Weisz Kft.","robots":{"index":"index","follow":"follow","max-snippet":"max-snippet:-1","max-image-preview":"max-image-preview:large","max-video-preview":"max-video-preview:-1"},"canonical":"http:\/\/www.gazmodulweisz.hu\/en\/referenciak\/irodahaz\/","og_locale":"en_GB","og_type":"article","og_title":"IRODAH\u00c1Z - G\u00e1zmodul Weisz Kft.","og_description":"K\u00e9rem v\u00e1lassza ki referenci\u00e1ink ter\u00fcletei k\u00f6z\u00fcl az \u00d6n sz\u00e1m\u00e1ra megfelel\u0151t. Iroda\u00e9p\u00fclet \u00e9p\u00fcletg\u00e9p\u00e9szeti munk\u00e1k Kincsesb\u00e1nya Ipartelep Kivitelez\u00e9s id\u0151pontja: 2011 L\u00e9tes\u00edtm\u00e9ny t\u00edpusa: Irodah\u00e1z J\u00e1r\u00e1si Hivatal \u00e9p\u00fcletg\u00e9p\u00e9szeti munk\u00e1i Veszpr\u00e9m Kivitelez\u00e9s id\u0151pontja: 2014 L\u00e9tes\u00edtm\u00e9ny t\u00edpusa: Irodah\u00e1z Korm\u00e1nyablak \u00e9p\u00fcletg\u00e9p\u00e9szeti munk\u00e1i Duna\u00fajv\u00e1ros Kivitelez\u00e9s id\u0151pontja: 2014 L\u00e9tes\u00edtm\u00e9ny t\u00edpusa: Irodah\u00e1z Falk\u00f6z \u00dczleth\u00e1z \u00e9p\u00fcletg\u00e9p\u00e9szeti munk\u00e1i Sz\u00e9kesfeh\u00e9rv\u00e1r, V\u00e1rk\u00f6r\u00fat 40 Kivitelez\u00e9s id\u0151pontja: 2014 L\u00e9tes\u00edtm\u00e9ny t\u00edpusa: Irodah\u00e1z...","og_url":"http:\/\/www.gazmodulweisz.hu\/en\/referenciak\/irodahaz\/","og_site_name":"G\u00e1zmodul Weisz Kft.","article_modified_time":"2021-06-07T11:01:40+00:00","og_image":[{"url":"http:\/\/www.gazmodulweisz.hu\/wp-content\/uploads\/2021\/05\/Referenciak-9.jpg"}],"twitter_card":"summary_large_image","twitter_misc":{"Estimated reading time":"2 minutes"},"schema":{"@context":"https:\/\/schema.org","@graph":[{"@type":"WebPage","@id":"http:\/\/www.gazmodulweisz.hu\/en\/referenciak\/irodahaz\/","url":"http:\/\/www.gazmodulweisz.hu\/en\/referenciak\/irodahaz\/","name":"IRODAH\u00c1Z - G\u00e1zmodul Weisz Kft.","isPartOf":{"@id":"https:\/\/www.gazmodulweisz.hu\/#website"},"datePublished":"2021-05-28T09:50:05+00:00","dateModified":"2021-06-07T11:01:40+00:00","breadcrumb":{"@id":"http:\/\/www.gazmodulweisz.hu\/en\/referenciak\/irodahaz\/#breadcrumb"},"inLanguage":"en-GB","potentialAction":[{"@type":"ReadAction","target":["http:\/\/www.gazmodulweisz.hu\/en\/referenciak\/irodahaz\/"]}]},{"@type":"BreadcrumbList","@id":"http:\/\/www.gazmodulweisz.hu\/en\/referenciak\/irodahaz\/#breadcrumb","itemListElement":[{"@type":"ListItem","position":1,"name":"Kezd\u0151lap","item":"https:\/\/www.gazmodulweisz.hu\/"},{"@type":"ListItem","position":2,"name":"Referenci\u00e1k","item":"https:\/\/www.gazmodulweisz.hu\/referenciak\/"},{"@type":"ListItem","position":3,"name":"IRODAH\u00c1Z"}]},{"@type":"WebSite","@id":"https:\/\/www.gazmodulweisz.hu\/#website","url":"https:\/\/www.gazmodulweisz.hu\/","name":"G\u00e1zmodul Weisz Kft.","description":"Professzion\u00e1lis kivitelez\u00e9s","potentialAction":[{"@type":"SearchAction","target":{"@type":"EntryPoint","urlTemplate":"https:\/\/www.gazmodulweisz.hu\/?s={search_term_string}"},"query-input":"required name=search_term_string"}],"inLanguage":"en-GB"}]}},"_links":{"self":[{"href":"https:\/\/www.gazmodulweisz.hu\/en\/wp-json\/wp\/v2\/pages\/13249","targetHints":{"allow":["GET"]}}],"collection":[{"href":"https:\/\/www.gazmodulweisz.hu\/en\/wp-json\/wp\/v2\/pages"}],"about":[{"href":"https:\/\/www.gazmodulweisz.hu\/en\/wp-json\/wp\/v2\/types\/page"}],"author":[{"embeddable":true,"href":"https:\/\/www.gazmodulweisz.hu\/en\/wp-json\/wp\/v2\/users\/1"}],"replies":[{"embeddable":true,"href":"https:\/\/www.gazmodulweisz.hu\/en\/wp-json\/wp\/v2\/comments?post=13249"}],"version-history":[{"count":9,"href":"https:\/\/www.gazmodulweisz.hu\/en\/wp-json\/wp\/v2\/pages\/13249\/revisions"}],"predecessor-version":[{"id":13575,"href":"https:\/\/www.gazmodulweisz.hu\/en\/wp-json\/wp\/v2\/pages\/13249\/revisions\/13575"}],"up":[{"embeddable":true,"href":"https:\/\/www.gazmodulweisz.hu\/en\/wp-json\/wp\/v2\/pages\/13026"}],"wp:attachment":[{"href":"https:\/\/www.gazmodulweisz.hu\/en\/wp-json\/wp\/v2\/media?parent=13249"}],"curies":[{"name":"wp","href":"https:\/\/api.w.org\/{rel}","templated":true}]}}